{"id":7417,"date":"2025-05-19T16:18:30","date_gmt":"2025-05-19T14:18:30","guid":{"rendered":"https:\/\/shop.profertil.se\/no\/?post_type=product&#038;p=7417"},"modified":"2026-04-06T10:01:09","modified_gmt":"2026-04-06T08:01:09","slug":"profertil-inositol","status":"publish","type":"product","link":"https:\/\/shop.profertil.se\/sv\/produkt\/profertil-inositol\/","title":{"rendered":"NYHET: F\u00f6r kvinnan &#8211; PROFERTIL\u00ae inositol (30 portionsp\u00e5sar)"},"content":{"rendered":"<h2 class=\"tw-data-text tw-text-large tw-ta\" dir=\"ltr\" data-placeholder=\"\u00d6vers\u00e4ttning\" data-ved=\"2ahUKEwikwviJrpONAxW4GhAIHYUKAfIQ3ewLegQICRAV\" aria-label=\"\u00d6versatt text: PROFERTIL\u00ae\u00a0inositol f\u00f6r kvinnor med PCOS och \u00f6nskan att skaffa barn \u00d6nskem\u00e5l om barn och PCOS: 2 sticks\/dag (\u00e4ven f\u00f6r IVF-f\u00f6rberedelse eller st\u00f6d). Kvinnor med PCOS (utan \u00f6nskan om barn): 1 stick dagligen \u00f6kar chansen att f\u00e5 ditt barn. Fr\u00e5n \u00f6nskan att f\u00e5 ett barn till den bekr\u00e4ftade graviditeten. \u00c4nnu fler chanser\u00a0genom partnerbehandling med\u00a0PROFERTIL\u00ae\u00a0hane\">F\u00f6r kvinnor med \u00f6nskan om att skaffa barn<\/h2>\n<div class=\"wp-block-group alignfull has-body-color has-text-color is-layout-constrained wp-container-core-group-is-layout-9 wp-block-group-is-layout-constrained\">\n<div id=\"section8\" class=\"wp-block-group alignfull position-container is-layout-constrained wp-block-group-is-layout-constrained\">\n<div class=\"wp-block-group is-layout-constrained wp-container-core-group-is-layout-11 wp-block-group-is-layout-constrained\">\n<div id=\"section2\" class=\"wp-block-cover alignfull is-light\">\n<div class=\"wp-block-cover__inner-container is-layout-flow wp-block-cover-is-layout-flow\">\n<div class=\"wp-block-group alignfull has-body-color has-text-color is-layout-constrained wp-container-core-group-is-layout-4 wp-block-group-is-layout-constrained\">\n<div id=\"section4\" class=\"wp-block-group alignfull position-container has-body-color has-text-color is-layout-constrained wp-container-core-group-is-layout-6 wp-block-group-is-layout-constrained\">\n<figure class=\"wp-block-image size-full is-resized position-absolute__left position-absolute__bottom\"><img loading=\"lazy\" decoding=\"async\" class=\"wp-image-1715 aligncenter\" src=\"https:\/\/profertil-inositol.eu\/wp-content\/uploads\/2025\/03\/2025-03-woman-taking-profertil-inositol.png\" sizes=\"auto, (max-width: 1011px) 100vw, 1011px\" srcset=\"https:\/\/profertil-inositol.eu\/wp-content\/uploads\/2025\/03\/2025-03-woman-taking-profertil-inositol.png 1011w, https:\/\/profertil-inositol.eu\/wp-content\/uploads\/2025\/03\/2025-03-woman-taking-profertil-inositol-600x357.png 600w, https:\/\/profertil-inositol.eu\/wp-content\/uploads\/2025\/03\/2025-03-woman-taking-profertil-inositol-768x457.png 768w\" alt=\"\" width=\"995\" height=\"591\" \/><\/figure>\n<\/div>\n<\/div>\n<\/div>\n<\/div>\n<\/div>\n<\/div>\n<\/div>\n<div class=\"wp-block-group alignfull has-body-color has-text-color is-layout-constrained wp-container-core-group-is-layout-9 wp-block-group-is-layout-constrained\">\n<div id=\"section8\" class=\"wp-block-group alignfull position-container is-layout-constrained wp-block-group-is-layout-constrained\">\n<div class=\"wp-block-group is-layout-constrained wp-container-core-group-is-layout-11 wp-block-group-is-layout-constrained\">\n<div id=\"section4\" class=\"wp-block-group alignfull position-container has-body-color has-text-color is-layout-constrained wp-container-core-group-is-layout-6 wp-block-group-is-layout-constrained\">\n<div aria-hidden=\"true\">\n<div id=\"section2\" class=\"wp-block-cover alignfull is-light\">\n<div class=\"wp-block-cover__inner-container is-layout-flow wp-block-cover-is-layout-flow\">\n<div class=\"wp-block-group alignfull has-body-color has-text-color is-layout-constrained wp-container-core-group-is-layout-4 wp-block-group-is-layout-constrained\">\n<div id=\"section4\" class=\"wp-block-group alignfull position-container has-body-color has-text-color is-layout-constrained wp-container-core-group-is-layout-6 wp-block-group-is-layout-constrained\">\n<div class=\"wp-block-acf-anchorlink show-for-medium stick-to-bottom\">\n<div class=\"wp-block-columns are-vertically-aligned-center is-layout-flex wp-container-core-columns-is-layout-4 wp-block-columns-is-layout-flex\">\n<div class=\"wp-block-column is-vertically-aligned-center small-order-2 medium-order-1 is-layout-flow wp-block-column-is-layout-flow\">\n<p>Nu kommer det en ny produkt i PROFERTIL\u00ae familjen: PROFERTIL\u00ae inositol. Passar f\u00f6r behandling av kvinnor med en \u00f6nskan om att f\u00e5 egna barn<\/p>\n<p>Cirka 15% av alla par lyckas inte bli gravida trots regelbundet sexualliv. Orsaken till en ouppfylld \u00f6nskan att f\u00e5 ett barn finns i ungef\u00e4r samma frekvens hos kvinnor (\u201dkvinnlig\u201d faktor) och m\u00e4n (\u201dmanlig\u201d faktor). Eller i en kombination av b\u00e5da.<\/p>\n<p>Vanliga livssituationer i v\u00e5rt moderna samh\u00e4lle medf\u00f6r l\u00e4ngre utbildningar, arbete och karri\u00e4r, stressiga situationer och kanske f\u00f6renat<br \/>\nmed senare val av partner. Dessa \u00e4r bara n\u00e5gra av de faktorer som slutligen leder till senare f\u00f6r\u00e4ldraskap.<\/p>\n<p>Dr\u00f6mmen om att f\u00e5 egna barn sker oftare f\u00f6rst n\u00e4r de kroppsliga f\u00f6rh\u00e5llandena inte l\u00e4ngre \u00e4r optimala varken f\u00f6r mannen eller f\u00f6r kvinnan.\u00a0 Med <span style=\"background-color: #ffffff; font-family: 'Libre Franklin', 'Helvetica Neue', helvetica, arial, sans-serif; font-size: 1rem;\">PROFERTIL<\/span>\u00ae inositol kan m\u00f6jligheten till en lyckad graviditet f\u00f6rb\u00e4ttras.<\/p>\n<p><span style=\"font-size: 1rem;\">Bepr\u00f6vade ingredienser i praktiska portionsf\u00f6rpackningar<\/span><\/p>\n<p><a href=\"https:\/\/shop.profertil.se\/wp-content\/uploads\/2025\/05\/profertil-Inositol-leaflet-SE_se-V1.0.pdf\" target=\"_blank\" rel=\"noopener\">PROFERTIL\u00ae inositol bipacksedel<\/a><\/p>\n<\/div>\n<\/div>\n<\/div>\n<\/div>\n<div id=\"section5\" class=\"wp-block-group is-layout-constrained wp-block-group-is-layout-constrained\">\n<div><a href=\"https:\/\/shop.profertil.se\/wp-content\/uploads\/2025\/05\/Skarmavbild-2025-05-19-kl.-11.48.11.png\"><img loading=\"lazy\" decoding=\"async\" class=\"alignnone size-full wp-image-7469\" src=\"https:\/\/shop.profertil.se\/wp-content\/uploads\/2025\/05\/Skarmavbild-2025-05-19-kl.-11.48.11.png\" alt=\"\" width=\"625\" height=\"219\" srcset=\"https:\/\/shop.profertil.se\/wp-content\/uploads\/2025\/05\/Skarmavbild-2025-05-19-kl.-11.48.11.png 625w, https:\/\/shop.profertil.se\/wp-content\/uploads\/2025\/05\/Skarmavbild-2025-05-19-kl.-11.48.11-600x210.png 600w, https:\/\/shop.profertil.se\/wp-content\/uploads\/2025\/05\/Skarmavbild-2025-05-19-kl.-11.48.11-250x88.png 250w, https:\/\/shop.profertil.se\/wp-content\/uploads\/2025\/05\/Skarmavbild-2025-05-19-kl.-11.48.11-350x123.png 350w\" sizes=\"auto, (max-width: 625px) 100vw, 625px\" \/><\/a><\/div>\n<div class=\"wp-block-group is-layout-constrained wp-container-core-group-is-layout-7 wp-block-group-is-layout-constrained\">* DRI = Dagligt referensintag enligt f\u00f6rordning (EU) nr 1169\/2011<br \/>\n** inneh\u00e5ller inget fett, m\u00e4ttade fettsyror, protein eller salt<\/div>\n<p>&nbsp;<\/p>\n<div class=\"wp-block-cover__inner-container is-layout-flow wp-block-cover-is-layout-flow\">\n<div class=\"wp-block-group alignfull has-body-color has-text-color is-layout-constrained wp-container-core-group-is-layout-4 wp-block-group-is-layout-constrained\">\n<div id=\"section5\" class=\"wp-block-group is-layout-constrained wp-block-group-is-layout-constrained\">\n<div><img loading=\"lazy\" decoding=\"async\" class=\"wp-image-348\" style=\"font-size: 1rem;\" src=\"https:\/\/profertil-inositol.eu\/wp-content\/uploads\/2023\/07\/myo-inositol.png\" alt=\"\" width=\"57\" height=\"43\" \/><span style=\"font-size: 1rem;\"> Myo-Inositol f\u00f6rb\u00e4ttrar insulink\u00e4nsligheten 1) 2)<\/span><\/div>\n<\/div>\n<p>Myo-Inositol har bevisat sin effekt hos kvinnor med PCOS (insulinresistens) och \u00f6nskan att skaffa barn i ett flertal kliniska studier och anses d\u00e4rf\u00f6r vara ett behandlingsalternativ i ESHRE\/ASRM PCOS-riktlinjerna.<\/p>\n<p><img loading=\"lazy\" decoding=\"async\" class=\"wp-image-1001\" style=\"font-size: 1rem;\" src=\"https:\/\/profertil-inositol.eu\/wp-content\/uploads\/2023\/08\/Icon_Vitamin-B6-und-Folsaeure_HR_iStock-1154168462_sRGB_1000px.png\" sizes=\"auto, (max-width: 720px) 100vw, 720px\" srcset=\"https:\/\/profertil-inositol.eu\/wp-content\/uploads\/2023\/08\/Icon_Vitamin-B6-und-Folsaeure_HR_iStock-1154168462_sRGB_1000px.png 720w, https:\/\/profertil-inositol.eu\/wp-content\/uploads\/2023\/08\/Icon_Vitamin-B6-und-Folsaeure_HR_iStock-1154168462_sRGB_1000px-600x600.png 600w, https:\/\/profertil-inositol.eu\/wp-content\/uploads\/2023\/08\/Icon_Vitamin-B6-und-Folsaeure_HR_iStock-1154168462_sRGB_1000px-125x125.png 125w\" alt=\"\" width=\"61\" height=\"61\" \/> Vi<span style=\"font-size: 1rem;\">tamin B6 + folsyra bidrar till det normala <\/span>homocysteinmetabolism 3) 4) 5)<\/p>\n<p>\u00d6kade Hcy-niv\u00e5er har observerats hos kvinnor med PCOS.<\/p>\n<p><img loading=\"lazy\" decoding=\"async\" class=\"\" style=\"font-size: 1rem;\" src=\"https:\/\/profertil-inositol.eu\/wp-content\/uploads\/2023\/07\/quatrefolic.png\" width=\"75\" height=\"23\" \/> Quatrefolic\u00ae \u00e4r ett omedelbart biotillg\u00e4ngligt folat som kan absorberas av kroppen utan ytterligare metabolisering. F\u00f6r kvinnor som inte helt kan metabolisera folsyra.<\/p>\n<p><img loading=\"lazy\" decoding=\"async\" class=\"\" src=\"https:\/\/profertil-inositol.eu\/wp-content\/uploads\/2023\/07\/easwy-to-go-icon.png\" width=\"90\" height=\"60\" \/><span style=\"background-color: #ffffff; font-family: 'Libre Franklin', 'Helvetica Neue', helvetica, arial, sans-serif; font-size: 1rem;\">Hittills har inositolprodukter\u00a0 beh\u00f6vt l\u00f6sas upp i ett glas vatten. Det h\u00e4r \u00e4r komplicerat och det \u00e4r l\u00e4tt att gl\u00f6mma att ta det \u2013 s\u00e4rskilt n\u00e4r du \u00e4r p\u00e5 spr\u00e5ng &#8211; &#8221;Easy to go&#8221;.<\/span><\/p>\n<p><span style=\"background-color: #ffffff; font-family: 'Libre Franklin', 'Helvetica Neue', helvetica, arial, sans-serif; font-size: 1rem;\">PROFERTIL\u00ae inositol g\u00f6r det mycket enklare &#8211; de bekv\u00e4ma dosp\u00e5sarna \u00e4r enkla att ha i fickan, l\u00e4tta att \u00f6ppna och kan tas omedelbart. Fruktsmaken \u00e4r behaglig och uppmuntrar till att forts\u00e4tta ta det regelbundet.<\/span><\/p>\n<p>Rekommenderat dagligt intag<\/p>\n<ul>\n<li style=\"list-style-type: none;\">\n<ul>\n<li>2 portionsp\u00e5sar\/dag (\u00e4ven som IVF-f\u00f6rberedelse eller st\u00f6d) fr\u00e5n \u00f6nskan att f\u00e5 ett barn till den bekr\u00e4ftade graviditeten.<\/li>\n<li><span style=\"background-color: #ffffff; font-family: 'Libre Franklin', 'Helvetica Neue', helvetica, arial, sans-serif; font-size: 1rem;\">Regelbundet intag \u00e4r f\u00f6ruts\u00e4ttningen f\u00f6r den st\u00f6djande effekten.<\/span><\/li>\n<\/ul>\n<\/li>\n<\/ul>\n<p>Ytterligare information: <a href=\"https:\/\/profertil-inositol.eu\/\">https:\/\/profertil-inositol.eu\/<\/a><\/p>\n<p>1) Greff D. et al.; Reprod Biol Endocrinol 2023 Jan 26;21(1):10.<\/p>\n<p>2) Teede H et al.; International evidence-based guideline for the assessment and management of PCOS, Monash University, Feb. 2023.<\/p>\n<p>3) Gomes S. et al.; Public Health Nutrition. 2016 Jan;19(1):176-89.<\/p>\n<p>4) G\u00fcnalan E. et al.; J Turk Ger Gynecol Assoc. 2018 Nov 15;19(4):220-232.<\/p>\n<p>5) Kondapaneni V. et al. Cureus 2020 Oct 23;12(10): e11110.<\/p>\n<\/div>\n<\/div>\n<\/div>\n<div id=\"section4\" class=\"wp-block-group alignfull position-container has-body-color has-text-color is-layout-constrained wp-container-core-group-is-layout-6 wp-block-group-is-layout-constrained\">\n<div aria-hidden=\"true\"><\/div>\n<\/div>\n<\/div>\n<\/div>\n<\/div>\n<\/div>\n<\/div>\n<p>&nbsp;<\/p>\n<p>&nbsp;<\/p>\n<\/div>\n<\/div>\n<\/div>\n","protected":false},"excerpt":{"rendered":"<p>F\u00f6r kvinnor med \u00f6nskan om att skaffa barn Nu kommer det en ny produkt i PROFERTIL\u00ae familjen: PROFERTIL\u00ae inositol. Passar f\u00f6r behandling av kvinnor med en \u00f6nskan om att f\u00e5 egna barn Cirka 15% av alla par lyckas inte bli gravida trots regelbundet sexualliv. Orsaken till en ouppfylld \u00f6nskan att f\u00e5 ett barn finns i &hellip; <\/p>\n<p class=\"link-more\"><a href=\"https:\/\/shop.profertil.se\/sv\/produkt\/profertil-inositol\/\" class=\"more-link\">Forts\u00e4tt l\u00e4sa<span class=\"screen-reader-text\"> \u201dNYHET: F\u00f6r kvinnan &#8211; PROFERTIL\u00ae inositol (30 portionsp\u00e5sar)\u201d<\/span><\/a><\/p>\n","protected":false},"featured_media":7425,"comment_status":"open","ping_status":"closed","template":"","meta":{"_monsterinsights_skip_tracking":false,"_monsterinsights_sitenote_active":false,"_monsterinsights_sitenote_note":"","_monsterinsights_sitenote_category":0},"product_brand":[],"product_cat":[15],"product_tag":[],"class_list":{"0":"post-7417","1":"product","2":"type-product","3":"status-publish","4":"has-post-thumbnail","6":"product_cat-fertilitet","8":"first","9":"instock","10":"taxable","11":"shipping-taxable","12":"purchasable","13":"product-type-simple"},"yoast_head":"<!-- This site is optimized with the Yoast SEO plugin v27.4 - https:\/\/yoast.com\/product\/yoast-seo-wordpress\/ -->\n<title>NYHET: F\u00f6r kvinnan - PROFERTIL\u00ae inositol (30 portionsp\u00e5sar)<\/title>\n<meta name=\"robots\" content=\"index, follow, max-snippet:-1, max-image-preview:large, max-video-preview:-1\" \/>\n<link rel=\"canonical\" href=\"https:\/\/shop.profertil.se\/sv\/produkt\/profertil-inositol\/\" \/>\n<meta property=\"og:locale\" content=\"sv_SE\" \/>\n<meta property=\"og:locale:alternate\" content=\"nb_NOR\" \/>\n<meta property=\"og:type\" content=\"article\" \/>\n<meta property=\"og:title\" content=\"NYHET: F\u00f6r kvinnan - PROFERTIL\u00ae inositol (30 portionsp\u00e5sar)\" \/>\n<meta property=\"og:description\" content=\"F\u00f6r kvinnor med \u00f6nskan om att skaffa barn Nu kommer det en ny produkt i PROFERTIL\u00ae familjen: PROFERTIL\u00ae inositol. Passar f\u00f6r behandling av kvinnor med en \u00f6nskan om att f\u00e5 egna barn Cirka 15% av alla par lyckas inte bli gravida trots regelbundet sexualliv. Orsaken till en ouppfylld \u00f6nskan att f\u00e5 ett barn finns i &hellip; Forts\u00e4tt l\u00e4sa \u201dNYHET: F\u00f6r kvinnan &#8211; PROFERTIL\u00ae inositol (30 portionsp\u00e5sar)\u201d\" \/>\n<meta property=\"og:url\" content=\"https:\/\/shop.profertil.se\/sv\/produkt\/profertil-inositol\/\" \/>\n<meta property=\"og:site_name\" content=\"PROFERTIL\u00ae\" \/>\n<meta property=\"article:publisher\" content=\"https:\/\/www.facebook.com\/PROfertil-1675701209309390\/\" \/>\n<meta property=\"article:modified_time\" content=\"2026-04-06T08:01:09+00:00\" \/>\n<meta property=\"og:image\" content=\"https:\/\/shop.profertil.se\/wp-content\/uploads\/2025\/05\/slider-fixed-element-de-477x600-1.png\" \/>\n\t<meta property=\"og:image:width\" content=\"477\" \/>\n\t<meta property=\"og:image:height\" content=\"600\" \/>\n\t<meta property=\"og:image:type\" content=\"image\/png\" \/>\n<meta name=\"twitter:card\" content=\"summary_large_image\" \/>\n<meta name=\"twitter:label1\" content=\"Ber\u00e4knad l\u00e4stid\" \/>\n\t<meta name=\"twitter:data1\" content=\"4 minuter\" \/>\n<script type=\"application\/ld+json\" class=\"yoast-schema-graph\">{\"@context\":\"https:\\\/\\\/schema.org\",\"@graph\":[{\"@type\":\"WebPage\",\"@id\":\"https:\\\/\\\/shop.profertil.se\\\/sv\\\/produkt\\\/profertil-inositol\\\/\",\"url\":\"https:\\\/\\\/shop.profertil.se\\\/sv\\\/produkt\\\/profertil-inositol\\\/\",\"name\":\"NYHET: F\u00f6r kvinnan - PROFERTIL\u00ae inositol (30 portionsp\u00e5sar)\",\"isPartOf\":{\"@id\":\"https:\\\/\\\/shop.profertil.se\\\/#website\"},\"primaryImageOfPage\":{\"@id\":\"https:\\\/\\\/shop.profertil.se\\\/sv\\\/produkt\\\/profertil-inositol\\\/#primaryimage\"},\"image\":{\"@id\":\"https:\\\/\\\/shop.profertil.se\\\/sv\\\/produkt\\\/profertil-inositol\\\/#primaryimage\"},\"thumbnailUrl\":\"https:\\\/\\\/shop.profertil.se\\\/wp-content\\\/uploads\\\/2025\\\/05\\\/slider-fixed-element-de-477x600-1.png\",\"datePublished\":\"2025-05-19T14:18:30+00:00\",\"dateModified\":\"2026-04-06T08:01:09+00:00\",\"breadcrumb\":{\"@id\":\"https:\\\/\\\/shop.profertil.se\\\/sv\\\/produkt\\\/profertil-inositol\\\/#breadcrumb\"},\"inLanguage\":\"sv-SE\",\"potentialAction\":[{\"@type\":\"ReadAction\",\"target\":[\"https:\\\/\\\/shop.profertil.se\\\/sv\\\/produkt\\\/profertil-inositol\\\/\"]}]},{\"@type\":\"ImageObject\",\"inLanguage\":\"sv-SE\",\"@id\":\"https:\\\/\\\/shop.profertil.se\\\/sv\\\/produkt\\\/profertil-inositol\\\/#primaryimage\",\"url\":\"https:\\\/\\\/shop.profertil.se\\\/wp-content\\\/uploads\\\/2025\\\/05\\\/slider-fixed-element-de-477x600-1.png\",\"contentUrl\":\"https:\\\/\\\/shop.profertil.se\\\/wp-content\\\/uploads\\\/2025\\\/05\\\/slider-fixed-element-de-477x600-1.png\",\"width\":477,\"height\":600},{\"@type\":\"BreadcrumbList\",\"@id\":\"https:\\\/\\\/shop.profertil.se\\\/sv\\\/produkt\\\/profertil-inositol\\\/#breadcrumb\",\"itemListElement\":[{\"@type\":\"ListItem\",\"position\":1,\"name\":\"Hem\",\"item\":\"https:\\\/\\\/shop.profertil.se\\\/sv\\\/\"},{\"@type\":\"ListItem\",\"position\":2,\"name\":\"V\u00e5ra produkter\",\"item\":\"https:\\\/\\\/shop.profertil.se\\\/sv\\\/\"},{\"@type\":\"ListItem\",\"position\":3,\"name\":\"NYHET: F\u00f6r kvinnan &#8211; PROFERTIL\u00ae inositol (30 portionsp\u00e5sar)\"}]},{\"@type\":\"WebSite\",\"@id\":\"https:\\\/\\\/shop.profertil.se\\\/#website\",\"url\":\"https:\\\/\\\/shop.profertil.se\\\/\",\"name\":\"H\u00e4r hittar ni PROfertil\u00ae\",\"description\":\"V\u00e5r officiella svenska butik f\u00f6r PROFERTIL\u00ae\",\"publisher\":{\"@id\":\"https:\\\/\\\/shop.profertil.se\\\/#organization\"},\"potentialAction\":[{\"@type\":\"SearchAction\",\"target\":{\"@type\":\"EntryPoint\",\"urlTemplate\":\"https:\\\/\\\/shop.profertil.se\\\/?s={search_term_string}\"},\"query-input\":{\"@type\":\"PropertyValueSpecification\",\"valueRequired\":true,\"valueName\":\"search_term_string\"}}],\"inLanguage\":\"sv-SE\"},{\"@type\":\"Organization\",\"@id\":\"https:\\\/\\\/shop.profertil.se\\\/#organization\",\"name\":\"Lisana Sweden\",\"url\":\"https:\\\/\\\/shop.profertil.se\\\/\",\"logo\":{\"@type\":\"ImageObject\",\"inLanguage\":\"sv-SE\",\"@id\":\"https:\\\/\\\/shop.profertil.se\\\/#\\\/schema\\\/logo\\\/image\\\/\",\"url\":\"https:\\\/\\\/shop.profertil.se\\\/wp-content\\\/uploads\\\/2019\\\/01\\\/logo-e1547386534716.jpg\",\"contentUrl\":\"https:\\\/\\\/shop.profertil.se\\\/wp-content\\\/uploads\\\/2019\\\/01\\\/logo-e1547386534716.jpg\",\"width\":113,\"height\":46,\"caption\":\"Lisana Sweden\"},\"image\":{\"@id\":\"https:\\\/\\\/shop.profertil.se\\\/#\\\/schema\\\/logo\\\/image\\\/\"},\"sameAs\":[\"https:\\\/\\\/www.facebook.com\\\/PROfertil-1675701209309390\\\/\"]}]}<\/script>\n<!-- \/ Yoast SEO plugin. -->","yoast_head_json":{"title":"NYHET: F\u00f6r kvinnan - PROFERTIL\u00ae inositol (30 portionsp\u00e5sar)","robots":{"index":"index","follow":"follow","max-snippet":"max-snippet:-1","max-image-preview":"max-image-preview:large","max-video-preview":"max-video-preview:-1"},"canonical":"https:\/\/shop.profertil.se\/sv\/produkt\/profertil-inositol\/","og_locale":"sv_SE","og_type":"article","og_title":"[:sv]NYHET: F\u00f6r kvinnan - PROFERTIL\u00ae inositol (30 portionsp\u00e5sar)[:no]NYHET: F\u00f6r kvinnan - PROFERTIL\u00ae inositol (30 portionsp\u00e5sar)[:] - PROFERTIL\u00ae","og_description":"F\u00f6r kvinnor med \u00f6nskan om att skaffa barn Nu kommer det en ny produkt i PROFERTIL\u00ae familjen: PROFERTIL\u00ae inositol. Passar f\u00f6r behandling av kvinnor med en \u00f6nskan om att f\u00e5 egna barn Cirka 15% av alla par lyckas inte bli gravida trots regelbundet sexualliv. Orsaken till en ouppfylld \u00f6nskan att f\u00e5 ett barn finns i &hellip; Forts\u00e4tt l\u00e4sa \u201dNYHET: F\u00f6r kvinnan &#8211; PROFERTIL\u00ae inositol (30 portionsp\u00e5sar)\u201d","og_url":"https:\/\/shop.profertil.se\/sv\/produkt\/profertil-inositol\/","og_site_name":"PROFERTIL\u00ae","article_publisher":"https:\/\/www.facebook.com\/PROfertil-1675701209309390\/","article_modified_time":"2026-04-06T08:01:09+00:00","og_image":[{"width":477,"height":600,"url":"https:\/\/shop.profertil.se\/wp-content\/uploads\/2025\/05\/slider-fixed-element-de-477x600-1.png","type":"image\/png"}],"twitter_card":"summary_large_image","twitter_misc":{"Ber\u00e4knad l\u00e4stid":"4 minuter"},"schema":{"@context":"https:\/\/schema.org","@graph":[{"@type":"WebPage","@id":"https:\/\/shop.profertil.se\/sv\/produkt\/profertil-inositol\/","url":"https:\/\/shop.profertil.se\/sv\/produkt\/profertil-inositol\/","name":"NYHET: F\u00f6r kvinnan - PROFERTIL\u00ae inositol (30 portionsp\u00e5sar)","isPartOf":{"@id":"https:\/\/shop.profertil.se\/#website"},"primaryImageOfPage":{"@id":"https:\/\/shop.profertil.se\/sv\/produkt\/profertil-inositol\/#primaryimage"},"image":{"@id":"https:\/\/shop.profertil.se\/sv\/produkt\/profertil-inositol\/#primaryimage"},"thumbnailUrl":"https:\/\/shop.profertil.se\/wp-content\/uploads\/2025\/05\/slider-fixed-element-de-477x600-1.png","datePublished":"2025-05-19T14:18:30+00:00","dateModified":"2026-04-06T08:01:09+00:00","breadcrumb":{"@id":"https:\/\/shop.profertil.se\/sv\/produkt\/profertil-inositol\/#breadcrumb"},"inLanguage":"sv-SE","potentialAction":[{"@type":"ReadAction","target":["https:\/\/shop.profertil.se\/sv\/produkt\/profertil-inositol\/"]}]},{"@type":"ImageObject","inLanguage":"sv-SE","@id":"https:\/\/shop.profertil.se\/sv\/produkt\/profertil-inositol\/#primaryimage","url":"https:\/\/shop.profertil.se\/wp-content\/uploads\/2025\/05\/slider-fixed-element-de-477x600-1.png","contentUrl":"https:\/\/shop.profertil.se\/wp-content\/uploads\/2025\/05\/slider-fixed-element-de-477x600-1.png","width":477,"height":600},{"@type":"BreadcrumbList","@id":"https:\/\/shop.profertil.se\/sv\/produkt\/profertil-inositol\/#breadcrumb","itemListElement":[{"@type":"ListItem","position":1,"name":"Hem","item":"https:\/\/shop.profertil.se\/sv\/"},{"@type":"ListItem","position":2,"name":"V\u00e5ra produkter","item":"https:\/\/shop.profertil.se\/sv\/"},{"@type":"ListItem","position":3,"name":"NYHET: F\u00f6r kvinnan &#8211; PROFERTIL\u00ae inositol (30 portionsp\u00e5sar)"}]},{"@type":"WebSite","@id":"https:\/\/shop.profertil.se\/#website","url":"https:\/\/shop.profertil.se\/","name":"H\u00e4r hittar ni PROfertil\u00ae","description":"V\u00e5r officiella svenska butik f\u00f6r PROFERTIL\u00ae","publisher":{"@id":"https:\/\/shop.profertil.se\/#organization"},"potentialAction":[{"@type":"SearchAction","target":{"@type":"EntryPoint","urlTemplate":"https:\/\/shop.profertil.se\/?s={search_term_string}"},"query-input":{"@type":"PropertyValueSpecification","valueRequired":true,"valueName":"search_term_string"}}],"inLanguage":"sv-SE"},{"@type":"Organization","@id":"https:\/\/shop.profertil.se\/#organization","name":"Lisana Sweden","url":"https:\/\/shop.profertil.se\/","logo":{"@type":"ImageObject","inLanguage":"sv-SE","@id":"https:\/\/shop.profertil.se\/#\/schema\/logo\/image\/","url":"https:\/\/shop.profertil.se\/wp-content\/uploads\/2019\/01\/logo-e1547386534716.jpg","contentUrl":"https:\/\/shop.profertil.se\/wp-content\/uploads\/2019\/01\/logo-e1547386534716.jpg","width":113,"height":46,"caption":"Lisana Sweden"},"image":{"@id":"https:\/\/shop.profertil.se\/#\/schema\/logo\/image\/"},"sameAs":["https:\/\/www.facebook.com\/PROfertil-1675701209309390\/"]}]}},"_links":{"self":[{"href":"https:\/\/shop.profertil.se\/sv\/wp-json\/wp\/v2\/product\/7417","targetHints":{"allow":["GET"]}}],"collection":[{"href":"https:\/\/shop.profertil.se\/sv\/wp-json\/wp\/v2\/product"}],"about":[{"href":"https:\/\/shop.profertil.se\/sv\/wp-json\/wp\/v2\/types\/product"}],"replies":[{"embeddable":true,"href":"https:\/\/shop.profertil.se\/sv\/wp-json\/wp\/v2\/comments?post=7417"}],"wp:featuredmedia":[{"embeddable":true,"href":"https:\/\/shop.profertil.se\/sv\/wp-json\/wp\/v2\/media\/7425"}],"wp:attachment":[{"href":"https:\/\/shop.profertil.se\/sv\/wp-json\/wp\/v2\/media?parent=7417"}],"wp:term":[{"taxonomy":"product_brand","embeddable":true,"href":"https:\/\/shop.profertil.se\/sv\/wp-json\/wp\/v2\/product_brand?post=7417"},{"taxonomy":"product_cat","embeddable":true,"href":"https:\/\/shop.profertil.se\/sv\/wp-json\/wp\/v2\/product_cat?post=7417"},{"taxonomy":"product_tag","embeddable":true,"href":"https:\/\/shop.profertil.se\/sv\/wp-json\/wp\/v2\/product_tag?post=7417"}],"curies":[{"name":"wp","href":"https:\/\/api.w.org\/{rel}","templated":true}]}}