{"id":11,"date":"2019-01-13T08:02:46","date_gmt":"2019-01-13T07:02:46","guid":{"rendered":"https:\/\/shop.profertil.se\/product\/profertil-male-60-kapslar-avsedd-for-1-manads-kompletterande-behandling\/"},"modified":"2026-04-06T23:06:56","modified_gmt":"2026-04-06T21:06:56","slug":"profertil-male-60-kapslar-avsedd-for-1-manads-kompletterande-behandling","status":"publish","type":"product","link":"https:\/\/shop.profertil.se\/sv\/produkt\/profertil-male-60-kapslar-avsedd-for-1-manads-kompletterande-behandling\/","title":{"rendered":"F\u00f6r mannen &#8211; PROFERTIL\u00ae 60 kapslar f\u00f6r 1 m\u00e5nads behandling"},"content":{"rendered":"<h2>Det kraftfulla tillskottet f\u00f6r att p\u00e5 naturlig v\u00e4g \u00f6ka chanserna till att f\u00e5 barn.<\/h2>\n<p><span class=\"wysiwyg-font-size-small\">Den unika <\/span>och patentskyddade \u00a0kombinationen av ing\u00e5ende substanser baseras p\u00e5 vetenskaplig erfarenhet och forskningsresultat.<\/p>\n<p>Sammans\u00e4ttningen \u00e4r\u00a0<span class=\"wysiwyg-font-size-small\">v\u00e4lbepr\u00f6vad genom kliniska f\u00f6rs\u00f6k.<\/span><\/p>\n<p><span class=\"wysiwyg-font-size-small\">PROFERTIL\u00ae <\/span><span class=\"wysiwyg-font-size-small\">\u00e4r utvecklat av Lenus Pharma och \u00e4r ett <\/span><span class=\"wysiwyg-font-size-small\">preparat som kan bidra till f\u00f6rh\u00f6jd spermie kvalitet vilket \u00e4ven kan f\u00f6rb\u00e4ttra mannens fertilitet.<\/span><\/p>\n<p><a href=\"https:\/\/shop.profertil.se\/wp-content\/uploads\/2019\/01\/profertil_nem-leaflet-SE_se-v1.0.pdf\" target=\"_blank\" rel=\"noopener\">F\u00f6r mannen &#8211; PROFERTIL\u00ae bipacksedel<\/a><\/p>\n<h2>Indikationer<\/h2>\n<ul>\n<li>F\u00f6rs\u00f6k att p\u00e5 naturlig v\u00e4g f\u00e5 barn misslyckas<\/li>\n<li>Med spermiogram konstaterad nedsatt fertilitet<\/li>\n<li>Komplement\/Preparering inf\u00f6r IVF<\/li>\n<\/ul>\n<h2>Vad kan PROFERTIL<sup>\u00ae<\/sup>\u00a0bidra till att f\u00f6rb\u00e4ttra?<\/h2>\n<ul>\n<li>Spermiernas kvalitet och \u00f6kning av antal<\/li>\n<li>Fertilitet f\u00f6r m\u00e4n som drabbats av subkliniskvarikocele (pung\u00e5derbr\u00e5ck)<\/li>\n<li>Reducering av spermiernas DNA fragmentisering<\/li>\n<\/ul>\n<h2>PROFERTIL<sup>\u00ae<\/sup>\u00a0\u2013 m\u00e4tbara resultat<\/h2>\n<ul>\n<li>Lyckade graviditeter har i kliniska studier uppn\u00e5tts p\u00e5 naturlig v\u00e4gi 25% av fallen f\u00f6r medverkande par<\/li>\n<li>Vart fj\u00e4rde par har d\u00e4rvid blivit f\u00f6r\u00e4ldrar<\/li>\n<\/ul>\n<p>PROFERTIL\u00ae finns i f\u00f6rpackningar om 180 kapslar (f\u00f6r de tre f\u00f6rsta m\u00e5nadernas behandling) respektive 60 kapslar (en m\u00e5nads fortsatt behandling). Det tar minst 3 m\u00e5nader f\u00f6r spermier att bli fullt utvecklade.<\/p>\n<p>En behandling skall d\u00e4rf\u00f6r alltid p\u00e5g\u00e5 minst 3 m\u00e5nader och d\u00e4refter tills \u00f6nskad graviditet uppn\u00e5s.<\/p>\n<p>Rekommenderat intag \u00e4r tv\u00e5 kapslar per dag i samband med m\u00e5ltid. PROFERTIL<sup>\u00ae<\/sup>\u00a0skall intagas under en tidsperiod p\u00e5 minst 3 m\u00e5nader eller tills \u00f6nskad graviditet sker.<\/p>\n<p>OBS! Se till att f\u00f6rpackning och inneh\u00e5ll aldrig uts\u00e4tts f\u00f6r h\u00f6gre temperatur \u00e4n 25 grader. L\u00e4mna till exempel inte kvar f\u00f6rpackningen i bilen eller i rum som kan bli mycket varma en sommardag!<\/p>\n","protected":false},"excerpt":{"rendered":"<p>Det kraftfulla tillskottet f\u00f6r att p\u00e5 naturlig v\u00e4g \u00f6ka chanserna till att f\u00e5 barn. Den unika och patentskyddade \u00a0kombinationen av ing\u00e5ende substanser baseras p\u00e5 vetenskaplig erfarenhet och forskningsresultat. Sammans\u00e4ttningen \u00e4r\u00a0v\u00e4lbepr\u00f6vad genom kliniska f\u00f6rs\u00f6k. PROFERTIL\u00ae \u00e4r utvecklat av Lenus Pharma och \u00e4r ett preparat som kan bidra till f\u00f6rh\u00f6jd spermie kvalitet vilket \u00e4ven kan f\u00f6rb\u00e4ttra mannens &hellip; <\/p>\n<p class=\"link-more\"><a href=\"https:\/\/shop.profertil.se\/sv\/produkt\/profertil-male-60-kapslar-avsedd-for-1-manads-kompletterande-behandling\/\" class=\"more-link\">Forts\u00e4tt l\u00e4sa<span class=\"screen-reader-text\"> \u201dF\u00f6r mannen &#8211; PROFERTIL\u00ae 60 kapslar f\u00f6r 1 m\u00e5nads behandling\u201d<\/span><\/a><\/p>\n","protected":false},"featured_media":357,"comment_status":"open","ping_status":"closed","template":"","meta":{"_monsterinsights_skip_tracking":false,"_monsterinsights_sitenote_active":false,"_monsterinsights_sitenote_note":"","_monsterinsights_sitenote_category":0},"product_brand":[],"product_cat":[15],"product_tag":[],"class_list":{"0":"post-11","1":"product","2":"type-product","3":"status-publish","4":"has-post-thumbnail","6":"product_cat-fertilitet","8":"first","9":"instock","10":"taxable","11":"shipping-taxable","12":"purchasable","13":"product-type-simple"},"yoast_head":"<!-- This site is optimized with the Yoast SEO plugin v27.3 - https:\/\/yoast.com\/product\/yoast-seo-wordpress\/ -->\n<title>F\u00f6r mannen - PROFERTIL\u00ae 60 kapslar f\u00f6r 1 m\u00e5nads behandling<\/title>\n<meta name=\"robots\" content=\"index, follow, max-snippet:-1, max-image-preview:large, max-video-preview:-1\" \/>\n<link rel=\"canonical\" href=\"https:\/\/shop.profertil.se\/sv\/produkt\/profertil-male-60-kapslar-avsedd-for-1-manads-kompletterande-behandling\/\" \/>\n<meta property=\"og:locale\" content=\"sv_SE\" \/>\n<meta property=\"og:locale:alternate\" content=\"nb_NOR\" \/>\n<meta property=\"og:type\" content=\"article\" \/>\n<meta property=\"og:title\" content=\"F\u00f6r mannen - PROFERTIL\u00ae 60 kapslar f\u00f6r 1 m\u00e5nads behandling\" \/>\n<meta property=\"og:description\" content=\"Det kraftfulla tillskottet f\u00f6r att p\u00e5 naturlig v\u00e4g \u00f6ka chanserna till att f\u00e5 barn. Den unika och patentskyddade \u00a0kombinationen av ing\u00e5ende substanser baseras p\u00e5 vetenskaplig erfarenhet och forskningsresultat. Sammans\u00e4ttningen \u00e4r\u00a0v\u00e4lbepr\u00f6vad genom kliniska f\u00f6rs\u00f6k. PROFERTIL\u00ae \u00e4r utvecklat av Lenus Pharma och \u00e4r ett preparat som kan bidra till f\u00f6rh\u00f6jd spermie kvalitet vilket \u00e4ven kan f\u00f6rb\u00e4ttra mannens &hellip; Forts\u00e4tt l\u00e4sa \u201dF\u00f6r mannen &#8211; PROFERTIL\u00ae 60 kapslar f\u00f6r 1 m\u00e5nads behandling\u201d\" \/>\n<meta property=\"og:url\" content=\"https:\/\/shop.profertil.se\/sv\/produkt\/profertil-male-60-kapslar-avsedd-for-1-manads-kompletterande-behandling\/\" \/>\n<meta property=\"og:site_name\" content=\"PROFERTIL\u00ae\" \/>\n<meta property=\"article:publisher\" content=\"https:\/\/www.facebook.com\/PROfertil-1675701209309390\/\" \/>\n<meta property=\"article:modified_time\" content=\"2026-04-06T21:06:56+00:00\" \/>\n<meta property=\"og:image\" content=\"https:\/\/shop.profertil.se\/wp-content\/uploads\/2019\/01\/cropped-LENUSMale_er0137-e1552314224268-2.jpg\" \/>\n\t<meta property=\"og:image:width\" content=\"478\" \/>\n\t<meta property=\"og:image:height\" content=\"250\" \/>\n\t<meta property=\"og:image:type\" content=\"image\/jpeg\" \/>\n<meta name=\"twitter:card\" content=\"summary_large_image\" \/>\n<meta name=\"twitter:label1\" content=\"Ber\u00e4knad l\u00e4stid\" \/>\n\t<meta name=\"twitter:data1\" content=\"2 minuter\" \/>\n<script type=\"application\/ld+json\" class=\"yoast-schema-graph\">{\"@context\":\"https:\\\/\\\/schema.org\",\"@graph\":[{\"@type\":\"WebPage\",\"@id\":\"https:\\\/\\\/shop.profertil.se\\\/no\\\/produkt\\\/profertil-male-60-kapslar-avsedd-for-1-manads-kompletterande-behandling\\\/\",\"url\":\"https:\\\/\\\/shop.profertil.se\\\/no\\\/produkt\\\/profertil-male-60-kapslar-avsedd-for-1-manads-kompletterande-behandling\\\/\",\"name\":\"F\u00f6r mannen - PROFERTIL\u00ae 60 kapslar f\u00f6r 1 m\u00e5nads behandling\",\"isPartOf\":{\"@id\":\"https:\\\/\\\/shop.profertil.se\\\/#website\"},\"primaryImageOfPage\":{\"@id\":\"https:\\\/\\\/shop.profertil.se\\\/no\\\/produkt\\\/profertil-male-60-kapslar-avsedd-for-1-manads-kompletterande-behandling\\\/#primaryimage\"},\"image\":{\"@id\":\"https:\\\/\\\/shop.profertil.se\\\/no\\\/produkt\\\/profertil-male-60-kapslar-avsedd-for-1-manads-kompletterande-behandling\\\/#primaryimage\"},\"thumbnailUrl\":\"https:\\\/\\\/shop.profertil.se\\\/wp-content\\\/uploads\\\/2019\\\/01\\\/cropped-LENUSMale_er0137-e1552314224268-2.jpg\",\"datePublished\":\"2019-01-13T07:02:46+00:00\",\"dateModified\":\"2026-04-06T21:06:56+00:00\",\"breadcrumb\":{\"@id\":\"https:\\\/\\\/shop.profertil.se\\\/no\\\/produkt\\\/profertil-male-60-kapslar-avsedd-for-1-manads-kompletterande-behandling\\\/#breadcrumb\"},\"inLanguage\":\"sv-SE\",\"potentialAction\":[{\"@type\":\"ReadAction\",\"target\":[\"https:\\\/\\\/shop.profertil.se\\\/no\\\/produkt\\\/profertil-male-60-kapslar-avsedd-for-1-manads-kompletterande-behandling\\\/\"]}]},{\"@type\":\"ImageObject\",\"inLanguage\":\"sv-SE\",\"@id\":\"https:\\\/\\\/shop.profertil.se\\\/no\\\/produkt\\\/profertil-male-60-kapslar-avsedd-for-1-manads-kompletterande-behandling\\\/#primaryimage\",\"url\":\"https:\\\/\\\/shop.profertil.se\\\/wp-content\\\/uploads\\\/2019\\\/01\\\/cropped-LENUSMale_er0137-e1552314224268-2.jpg\",\"contentUrl\":\"https:\\\/\\\/shop.profertil.se\\\/wp-content\\\/uploads\\\/2019\\\/01\\\/cropped-LENUSMale_er0137-e1552314224268-2.jpg\",\"width\":478,\"height\":250},{\"@type\":\"BreadcrumbList\",\"@id\":\"https:\\\/\\\/shop.profertil.se\\\/no\\\/produkt\\\/profertil-male-60-kapslar-avsedd-for-1-manads-kompletterande-behandling\\\/#breadcrumb\",\"itemListElement\":[{\"@type\":\"ListItem\",\"position\":1,\"name\":\"Hem\",\"item\":\"https:\\\/\\\/shop.profertil.se\\\/sv\\\/\"},{\"@type\":\"ListItem\",\"position\":2,\"name\":\"V\u00e5ra produkter\",\"item\":\"https:\\\/\\\/shop.profertil.se\\\/sv\\\/\"},{\"@type\":\"ListItem\",\"position\":3,\"name\":\"F\u00f6r mannen &#8211; PROFERTIL\u00ae 60 kapslar f\u00f6r 1 m\u00e5nads behandling\"}]},{\"@type\":\"WebSite\",\"@id\":\"https:\\\/\\\/shop.profertil.se\\\/#website\",\"url\":\"https:\\\/\\\/shop.profertil.se\\\/\",\"name\":\"H\u00e4r hittar ni PROfertil\u00ae\",\"description\":\"V\u00e5r officiella svenska butik f\u00f6r PROFERTIL\u00ae\",\"publisher\":{\"@id\":\"https:\\\/\\\/shop.profertil.se\\\/#organization\"},\"potentialAction\":[{\"@type\":\"SearchAction\",\"target\":{\"@type\":\"EntryPoint\",\"urlTemplate\":\"https:\\\/\\\/shop.profertil.se\\\/?s={search_term_string}\"},\"query-input\":{\"@type\":\"PropertyValueSpecification\",\"valueRequired\":true,\"valueName\":\"search_term_string\"}}],\"inLanguage\":\"sv-SE\"},{\"@type\":\"Organization\",\"@id\":\"https:\\\/\\\/shop.profertil.se\\\/#organization\",\"name\":\"Lisana Sweden\",\"url\":\"https:\\\/\\\/shop.profertil.se\\\/\",\"logo\":{\"@type\":\"ImageObject\",\"inLanguage\":\"sv-SE\",\"@id\":\"https:\\\/\\\/shop.profertil.se\\\/#\\\/schema\\\/logo\\\/image\\\/\",\"url\":\"https:\\\/\\\/shop.profertil.se\\\/wp-content\\\/uploads\\\/2019\\\/01\\\/logo-e1547386534716.jpg\",\"contentUrl\":\"https:\\\/\\\/shop.profertil.se\\\/wp-content\\\/uploads\\\/2019\\\/01\\\/logo-e1547386534716.jpg\",\"width\":113,\"height\":46,\"caption\":\"Lisana Sweden\"},\"image\":{\"@id\":\"https:\\\/\\\/shop.profertil.se\\\/#\\\/schema\\\/logo\\\/image\\\/\"},\"sameAs\":[\"https:\\\/\\\/www.facebook.com\\\/PROfertil-1675701209309390\\\/\"]}]}<\/script>\n<!-- \/ Yoast SEO plugin. -->","yoast_head_json":{"title":"F\u00f6r mannen - PROFERTIL\u00ae 60 kapslar f\u00f6r 1 m\u00e5nads behandling","robots":{"index":"index","follow":"follow","max-snippet":"max-snippet:-1","max-image-preview":"max-image-preview:large","max-video-preview":"max-video-preview:-1"},"canonical":"https:\/\/shop.profertil.se\/sv\/produkt\/profertil-male-60-kapslar-avsedd-for-1-manads-kompletterande-behandling\/","og_locale":"sv_SE","og_type":"article","og_title":"[:sv]F\u00f6r mannen - PROFERTIL\u00ae 60 kapslar f\u00f6r 1 m\u00e5nads behandling[:no]F\u00f6r mannen - PROFERTIL\u00ae 60 kapslar f\u00f6r 1 m\u00e5nads behandling[:] - PROFERTIL\u00ae","og_description":"Det kraftfulla tillskottet f\u00f6r att p\u00e5 naturlig v\u00e4g \u00f6ka chanserna till att f\u00e5 barn. Den unika och patentskyddade \u00a0kombinationen av ing\u00e5ende substanser baseras p\u00e5 vetenskaplig erfarenhet och forskningsresultat. Sammans\u00e4ttningen \u00e4r\u00a0v\u00e4lbepr\u00f6vad genom kliniska f\u00f6rs\u00f6k. PROFERTIL\u00ae \u00e4r utvecklat av Lenus Pharma och \u00e4r ett preparat som kan bidra till f\u00f6rh\u00f6jd spermie kvalitet vilket \u00e4ven kan f\u00f6rb\u00e4ttra mannens &hellip; Forts\u00e4tt l\u00e4sa \u201dF\u00f6r mannen &#8211; PROFERTIL\u00ae 60 kapslar f\u00f6r 1 m\u00e5nads behandling\u201d","og_url":"https:\/\/shop.profertil.se\/sv\/produkt\/profertil-male-60-kapslar-avsedd-for-1-manads-kompletterande-behandling\/","og_site_name":"PROFERTIL\u00ae","article_publisher":"https:\/\/www.facebook.com\/PROfertil-1675701209309390\/","article_modified_time":"2026-04-06T21:06:56+00:00","og_image":[{"width":478,"height":250,"url":"https:\/\/shop.profertil.se\/wp-content\/uploads\/2019\/01\/cropped-LENUSMale_er0137-e1552314224268-2.jpg","type":"image\/jpeg"}],"twitter_card":"summary_large_image","twitter_misc":{"Ber\u00e4knad l\u00e4stid":"2 minuter"},"schema":{"@context":"https:\/\/schema.org","@graph":[{"@type":"WebPage","@id":"https:\/\/shop.profertil.se\/no\/produkt\/profertil-male-60-kapslar-avsedd-for-1-manads-kompletterande-behandling\/","url":"https:\/\/shop.profertil.se\/no\/produkt\/profertil-male-60-kapslar-avsedd-for-1-manads-kompletterande-behandling\/","name":"F\u00f6r mannen - PROFERTIL\u00ae 60 kapslar f\u00f6r 1 m\u00e5nads behandling","isPartOf":{"@id":"https:\/\/shop.profertil.se\/#website"},"primaryImageOfPage":{"@id":"https:\/\/shop.profertil.se\/no\/produkt\/profertil-male-60-kapslar-avsedd-for-1-manads-kompletterande-behandling\/#primaryimage"},"image":{"@id":"https:\/\/shop.profertil.se\/no\/produkt\/profertil-male-60-kapslar-avsedd-for-1-manads-kompletterande-behandling\/#primaryimage"},"thumbnailUrl":"https:\/\/shop.profertil.se\/wp-content\/uploads\/2019\/01\/cropped-LENUSMale_er0137-e1552314224268-2.jpg","datePublished":"2019-01-13T07:02:46+00:00","dateModified":"2026-04-06T21:06:56+00:00","breadcrumb":{"@id":"https:\/\/shop.profertil.se\/no\/produkt\/profertil-male-60-kapslar-avsedd-for-1-manads-kompletterande-behandling\/#breadcrumb"},"inLanguage":"sv-SE","potentialAction":[{"@type":"ReadAction","target":["https:\/\/shop.profertil.se\/no\/produkt\/profertil-male-60-kapslar-avsedd-for-1-manads-kompletterande-behandling\/"]}]},{"@type":"ImageObject","inLanguage":"sv-SE","@id":"https:\/\/shop.profertil.se\/no\/produkt\/profertil-male-60-kapslar-avsedd-for-1-manads-kompletterande-behandling\/#primaryimage","url":"https:\/\/shop.profertil.se\/wp-content\/uploads\/2019\/01\/cropped-LENUSMale_er0137-e1552314224268-2.jpg","contentUrl":"https:\/\/shop.profertil.se\/wp-content\/uploads\/2019\/01\/cropped-LENUSMale_er0137-e1552314224268-2.jpg","width":478,"height":250},{"@type":"BreadcrumbList","@id":"https:\/\/shop.profertil.se\/no\/produkt\/profertil-male-60-kapslar-avsedd-for-1-manads-kompletterande-behandling\/#breadcrumb","itemListElement":[{"@type":"ListItem","position":1,"name":"Hem","item":"https:\/\/shop.profertil.se\/sv\/"},{"@type":"ListItem","position":2,"name":"V\u00e5ra produkter","item":"https:\/\/shop.profertil.se\/sv\/"},{"@type":"ListItem","position":3,"name":"F\u00f6r mannen &#8211; PROFERTIL\u00ae 60 kapslar f\u00f6r 1 m\u00e5nads behandling"}]},{"@type":"WebSite","@id":"https:\/\/shop.profertil.se\/#website","url":"https:\/\/shop.profertil.se\/","name":"H\u00e4r hittar ni PROfertil\u00ae","description":"V\u00e5r officiella svenska butik f\u00f6r PROFERTIL\u00ae","publisher":{"@id":"https:\/\/shop.profertil.se\/#organization"},"potentialAction":[{"@type":"SearchAction","target":{"@type":"EntryPoint","urlTemplate":"https:\/\/shop.profertil.se\/?s={search_term_string}"},"query-input":{"@type":"PropertyValueSpecification","valueRequired":true,"valueName":"search_term_string"}}],"inLanguage":"sv-SE"},{"@type":"Organization","@id":"https:\/\/shop.profertil.se\/#organization","name":"Lisana Sweden","url":"https:\/\/shop.profertil.se\/","logo":{"@type":"ImageObject","inLanguage":"sv-SE","@id":"https:\/\/shop.profertil.se\/#\/schema\/logo\/image\/","url":"https:\/\/shop.profertil.se\/wp-content\/uploads\/2019\/01\/logo-e1547386534716.jpg","contentUrl":"https:\/\/shop.profertil.se\/wp-content\/uploads\/2019\/01\/logo-e1547386534716.jpg","width":113,"height":46,"caption":"Lisana Sweden"},"image":{"@id":"https:\/\/shop.profertil.se\/#\/schema\/logo\/image\/"},"sameAs":["https:\/\/www.facebook.com\/PROfertil-1675701209309390\/"]}]}},"_links":{"self":[{"href":"https:\/\/shop.profertil.se\/sv\/wp-json\/wp\/v2\/product\/11","targetHints":{"allow":["GET"]}}],"collection":[{"href":"https:\/\/shop.profertil.se\/sv\/wp-json\/wp\/v2\/product"}],"about":[{"href":"https:\/\/shop.profertil.se\/sv\/wp-json\/wp\/v2\/types\/product"}],"replies":[{"embeddable":true,"href":"https:\/\/shop.profertil.se\/sv\/wp-json\/wp\/v2\/comments?post=11"}],"wp:featuredmedia":[{"embeddable":true,"href":"https:\/\/shop.profertil.se\/sv\/wp-json\/wp\/v2\/media\/357"}],"wp:attachment":[{"href":"https:\/\/shop.profertil.se\/sv\/wp-json\/wp\/v2\/media?parent=11"}],"wp:term":[{"taxonomy":"product_brand","embeddable":true,"href":"https:\/\/shop.profertil.se\/sv\/wp-json\/wp\/v2\/product_brand?post=11"},{"taxonomy":"product_cat","embeddable":true,"href":"https:\/\/shop.profertil.se\/sv\/wp-json\/wp\/v2\/product_cat?post=11"},{"taxonomy":"product_tag","embeddable":true,"href":"https:\/\/shop.profertil.se\/sv\/wp-json\/wp\/v2\/product_tag?post=11"}],"curies":[{"name":"wp","href":"https:\/\/api.w.org\/{rel}","templated":true}]}}