{"id":6560,"date":"2024-02-13T07:26:06","date_gmt":"2024-02-13T06:26:06","guid":{"rendered":"https:\/\/shop.profertil.se\/sv\/?page_id=6560"},"modified":"2026-03-09T14:59:48","modified_gmt":"2026-03-09T13:59:48","slug":"apotek","status":"publish","type":"page","link":"https:\/\/shop.profertil.se\/sv\/apotek\/","title":{"rendered":"Apotek"},"content":{"rendered":"\n<p><strong>P\u00e5 f\u00f6ljande apotek kan ni k\u00f6pa PROFERTIL\u00ae<\/strong><\/p>\n\n\n\n<p>Klicka p\u00e5 l\u00e4nken f\u00f6r att \u00f6ppna apotekets hemsida och f\u00f6r att hitta dit<\/p>\n\n\n\n<p>B\u00e4st \u00e4r att alltid f\u00f6rst ringa f\u00f6r att vara s\u00e4ker p\u00e5 att just den PROFERTIL\u00ae produkt du beh\u00f6ver finns hemma<\/p>\n\n\n\n<div class=\"wp-block-group\"><div class=\"wp-block-group__inner-container is-layout-constrained wp-block-group-is-layout-constrained\">\n<blockquote class=\"wp-block-quote is-layout-flow wp-block-quote-is-layout-flow\">\n<div class=\"wp-block-group\"><div class=\"wp-block-group__inner-container is-layout-constrained wp-block-group-is-layout-constrained\">\n<p>Apotek Prinsen i Tensta Centrum, telefon 08-555 10 350\u00a0<strong>(<\/strong><em><strong><a href=\"https:\/\/apoteksinfo.nu\/apotek\/apoteket_prinsen_sp%C3%A5nga-2576\" target=\"_blank\" rel=\"noreferrer noopener\">L\u00e4nk till apoteket<\/a><\/strong><\/em><strong>)<\/strong><\/p>\n\n\n\n<p>Apoteket Gode Herden i S\u00f6dert\u00e4lje, telefon 08-550 991 06<strong>\u00a0(<\/strong><em><strong><a href=\"https:\/\/www.apoteketgodeherden.se\/hitta-till-oss\" target=\"_blank\" rel=\"noreferrer noopener\">L\u00e4nk till apoteket<\/a><\/strong><\/em><a href=\"https:\/\/www.apoteketgodeherden.se\/hitta-till-oss\" target=\"_blank\" rel=\"noreferrer noopener\"><em><strong>)<\/strong><\/em><\/a><\/p>\n\n\n\n<p>Apotek Wasa i S\u00f6dert\u00e4lje, telefon 077-145 04 50 <strong>(<\/strong><em><strong><a href=\"https:\/\/www.apoteketgodeherden.se\/hitta-till-oss\" target=\"_blank\" rel=\"noreferrer noopener\">L\u00e4nk till apoteket<\/a><\/strong><\/em><a href=\"https:\/\/www.apoteketgodeherden.se\/hitta-till-oss\" target=\"_blank\" rel=\"noreferrer noopener\"><em><strong>)<\/strong><\/em><\/a><\/p>\n\n\n\n<p><\/p>\n\n\n\n<p><\/p>\n<\/div><\/div>\n<\/blockquote>\n<\/div><\/div>\n\n\n\n<p><\/p>\n","protected":false},"excerpt":{"rendered":"<p>P\u00e5 f\u00f6ljande apotek kan ni k\u00f6pa PROFERTIL\u00ae Klicka p\u00e5 l\u00e4nken f\u00f6r att \u00f6ppna apotekets hemsida och f\u00f6r att hitta dit B\u00e4st \u00e4r att alltid f\u00f6rst ringa f\u00f6r att vara s\u00e4ker p\u00e5 att just den PROFERTIL\u00ae produkt du beh\u00f6ver finns hemma Apotek Prinsen i Tensta Centrum, telefon 08-555 10 350\u00a0(L\u00e4nk till apoteket) Apoteket Gode Herden i &hellip; <\/p>\n<p class=\"link-more\"><a href=\"https:\/\/shop.profertil.se\/sv\/apotek\/\" class=\"more-link\">Forts\u00e4tt l\u00e4sa<span class=\"screen-reader-text\"> \u201dApotek\u201d<\/span><\/a><\/p>\n","protected":false},"author":1,"featured_media":0,"parent":0,"menu_order":0,"comment_status":"closed","ping_status":"closed","template":"","meta":{"_monsterinsights_skip_tracking":false,"_monsterinsights_sitenote_active":false,"_monsterinsights_sitenote_note":"","_monsterinsights_sitenote_category":0,"footnotes":""},"class_list":["post-6560","page","type-page","status-publish","hentry"],"yoast_head":"<!-- This site is optimized with the Yoast SEO plugin v27.4 - https:\/\/yoast.com\/product\/yoast-seo-wordpress\/ -->\n<title>Apotek<\/title>\n<meta name=\"description\" content=\"P\u00e5 f\u00f6ljande apotek kan ni k\u00f6pa PROfertil\u00ae\" \/>\n<meta name=\"robots\" content=\"index, follow, max-snippet:-1, max-image-preview:large, max-video-preview:-1\" \/>\n<link rel=\"canonical\" href=\"https:\/\/shop.profertil.se\/sv\/apotek\/\" \/>\n<meta property=\"og:locale\" content=\"sv_SE\" \/>\n<meta property=\"og:locale:alternate\" content=\"nb_NOR\" \/>\n<meta property=\"og:type\" content=\"article\" \/>\n<meta property=\"og:title\" content=\"Apotek\" \/>\n<meta property=\"og:description\" content=\"P\u00e5 f\u00f6ljande apotek kan ni k\u00f6pa PROfertil\u00ae\" \/>\n<meta property=\"og:url\" content=\"https:\/\/shop.profertil.se\/sv\/apotek\/\" \/>\n<meta property=\"og:site_name\" content=\"PROFERTIL\u00ae\" \/>\n<meta property=\"article:publisher\" content=\"https:\/\/www.facebook.com\/PROfertil-1675701209309390\/\" \/>\n<meta property=\"article:modified_time\" content=\"2026-03-09T13:59:48+00:00\" \/>\n<meta name=\"twitter:card\" content=\"summary_large_image\" \/>\n<meta name=\"twitter:label1\" content=\"Ber\u00e4knad l\u00e4stid\" \/>\n\t<meta name=\"twitter:data1\" content=\"1 minut\" \/>\n<script type=\"application\/ld+json\" class=\"yoast-schema-graph\">{\"@context\":\"https:\\\/\\\/schema.org\",\"@graph\":[{\"@type\":\"WebPage\",\"@id\":\"https:\\\/\\\/shop.profertil.se\\\/sv\\\/apotek\\\/\",\"url\":\"https:\\\/\\\/shop.profertil.se\\\/sv\\\/apotek\\\/\",\"name\":\"Apotek\",\"isPartOf\":{\"@id\":\"https:\\\/\\\/shop.profertil.se\\\/#website\"},\"datePublished\":\"2024-02-13T06:26:06+00:00\",\"dateModified\":\"2026-03-09T13:59:48+00:00\",\"description\":\"P\u00e5 f\u00f6ljande apotek kan ni k\u00f6pa PROfertil\u00ae\",\"breadcrumb\":{\"@id\":\"https:\\\/\\\/shop.profertil.se\\\/sv\\\/apotek\\\/#breadcrumb\"},\"inLanguage\":\"sv-SE\",\"potentialAction\":[{\"@type\":\"ReadAction\",\"target\":[\"https:\\\/\\\/shop.profertil.se\\\/sv\\\/apotek\\\/\"]}]},{\"@type\":\"BreadcrumbList\",\"@id\":\"https:\\\/\\\/shop.profertil.se\\\/sv\\\/apotek\\\/#breadcrumb\",\"itemListElement\":[{\"@type\":\"ListItem\",\"position\":1,\"name\":\"Hem\",\"item\":\"https:\\\/\\\/shop.profertil.se\\\/sv\\\/\"},{\"@type\":\"ListItem\",\"position\":2,\"name\":\"Apotek\"}]},{\"@type\":\"WebSite\",\"@id\":\"https:\\\/\\\/shop.profertil.se\\\/#website\",\"url\":\"https:\\\/\\\/shop.profertil.se\\\/\",\"name\":\"H\u00e4r hittar ni PROfertil\u00ae\",\"description\":\"V\u00e5r officiella svenska butik f\u00f6r PROFERTIL\u00ae\",\"publisher\":{\"@id\":\"https:\\\/\\\/shop.profertil.se\\\/#organization\"},\"potentialAction\":[{\"@type\":\"SearchAction\",\"target\":{\"@type\":\"EntryPoint\",\"urlTemplate\":\"https:\\\/\\\/shop.profertil.se\\\/?s={search_term_string}\"},\"query-input\":{\"@type\":\"PropertyValueSpecification\",\"valueRequired\":true,\"valueName\":\"search_term_string\"}}],\"inLanguage\":\"sv-SE\"},{\"@type\":\"Organization\",\"@id\":\"https:\\\/\\\/shop.profertil.se\\\/#organization\",\"name\":\"Lisana Sweden\",\"url\":\"https:\\\/\\\/shop.profertil.se\\\/\",\"logo\":{\"@type\":\"ImageObject\",\"inLanguage\":\"sv-SE\",\"@id\":\"https:\\\/\\\/shop.profertil.se\\\/#\\\/schema\\\/logo\\\/image\\\/\",\"url\":\"https:\\\/\\\/shop.profertil.se\\\/wp-content\\\/uploads\\\/2019\\\/01\\\/logo-e1547386534716.jpg\",\"contentUrl\":\"https:\\\/\\\/shop.profertil.se\\\/wp-content\\\/uploads\\\/2019\\\/01\\\/logo-e1547386534716.jpg\",\"width\":113,\"height\":46,\"caption\":\"Lisana Sweden\"},\"image\":{\"@id\":\"https:\\\/\\\/shop.profertil.se\\\/#\\\/schema\\\/logo\\\/image\\\/\"},\"sameAs\":[\"https:\\\/\\\/www.facebook.com\\\/PROfertil-1675701209309390\\\/\"]}]}<\/script>\n<!-- \/ Yoast SEO plugin. -->","yoast_head_json":{"title":"Apotek","description":"P\u00e5 f\u00f6ljande apotek kan ni k\u00f6pa PROfertil\u00ae","robots":{"index":"index","follow":"follow","max-snippet":"max-snippet:-1","max-image-preview":"max-image-preview:large","max-video-preview":"max-video-preview:-1"},"canonical":"https:\/\/shop.profertil.se\/sv\/apotek\/","og_locale":"sv_SE","og_type":"article","og_title":"[:sv]Apotek[:no]Apotek[:] - PROFERTIL\u00ae","og_description":"[:sv]P\u00e5 f\u00f6ljande apotek kan ni k\u00f6pa PROfertil\u00ae[:]","og_url":"https:\/\/shop.profertil.se\/sv\/apotek\/","og_site_name":"PROFERTIL\u00ae","article_publisher":"https:\/\/www.facebook.com\/PROfertil-1675701209309390\/","article_modified_time":"2026-03-09T13:59:48+00:00","twitter_card":"summary_large_image","twitter_misc":{"Ber\u00e4knad l\u00e4stid":"1 minut"},"schema":{"@context":"https:\/\/schema.org","@graph":[{"@type":"WebPage","@id":"https:\/\/shop.profertil.se\/sv\/apotek\/","url":"https:\/\/shop.profertil.se\/sv\/apotek\/","name":"Apotek","isPartOf":{"@id":"https:\/\/shop.profertil.se\/#website"},"datePublished":"2024-02-13T06:26:06+00:00","dateModified":"2026-03-09T13:59:48+00:00","description":"P\u00e5 f\u00f6ljande apotek kan ni k\u00f6pa PROfertil\u00ae","breadcrumb":{"@id":"https:\/\/shop.profertil.se\/sv\/apotek\/#breadcrumb"},"inLanguage":"sv-SE","potentialAction":[{"@type":"ReadAction","target":["https:\/\/shop.profertil.se\/sv\/apotek\/"]}]},{"@type":"BreadcrumbList","@id":"https:\/\/shop.profertil.se\/sv\/apotek\/#breadcrumb","itemListElement":[{"@type":"ListItem","position":1,"name":"Hem","item":"https:\/\/shop.profertil.se\/sv\/"},{"@type":"ListItem","position":2,"name":"Apotek"}]},{"@type":"WebSite","@id":"https:\/\/shop.profertil.se\/#website","url":"https:\/\/shop.profertil.se\/","name":"H\u00e4r hittar ni PROfertil\u00ae","description":"V\u00e5r officiella svenska butik f\u00f6r PROFERTIL\u00ae","publisher":{"@id":"https:\/\/shop.profertil.se\/#organization"},"potentialAction":[{"@type":"SearchAction","target":{"@type":"EntryPoint","urlTemplate":"https:\/\/shop.profertil.se\/?s={search_term_string}"},"query-input":{"@type":"PropertyValueSpecification","valueRequired":true,"valueName":"search_term_string"}}],"inLanguage":"sv-SE"},{"@type":"Organization","@id":"https:\/\/shop.profertil.se\/#organization","name":"Lisana Sweden","url":"https:\/\/shop.profertil.se\/","logo":{"@type":"ImageObject","inLanguage":"sv-SE","@id":"https:\/\/shop.profertil.se\/#\/schema\/logo\/image\/","url":"https:\/\/shop.profertil.se\/wp-content\/uploads\/2019\/01\/logo-e1547386534716.jpg","contentUrl":"https:\/\/shop.profertil.se\/wp-content\/uploads\/2019\/01\/logo-e1547386534716.jpg","width":113,"height":46,"caption":"Lisana Sweden"},"image":{"@id":"https:\/\/shop.profertil.se\/#\/schema\/logo\/image\/"},"sameAs":["https:\/\/www.facebook.com\/PROfertil-1675701209309390\/"]}]}},"_links":{"self":[{"href":"https:\/\/shop.profertil.se\/sv\/wp-json\/wp\/v2\/pages\/6560","targetHints":{"allow":["GET"]}}],"collection":[{"href":"https:\/\/shop.profertil.se\/sv\/wp-json\/wp\/v2\/pages"}],"about":[{"href":"https:\/\/shop.profertil.se\/sv\/wp-json\/wp\/v2\/types\/page"}],"author":[{"embeddable":true,"href":"https:\/\/shop.profertil.se\/sv\/wp-json\/wp\/v2\/users\/1"}],"replies":[{"embeddable":true,"href":"https:\/\/shop.profertil.se\/sv\/wp-json\/wp\/v2\/comments?post=6560"}],"version-history":[{"count":3,"href":"https:\/\/shop.profertil.se\/sv\/wp-json\/wp\/v2\/pages\/6560\/revisions"}],"predecessor-version":[{"id":8216,"href":"https:\/\/shop.profertil.se\/sv\/wp-json\/wp\/v2\/pages\/6560\/revisions\/8216"}],"wp:attachment":[{"href":"https:\/\/shop.profertil.se\/sv\/wp-json\/wp\/v2\/media?parent=6560"}],"curies":[{"name":"wp","href":"https:\/\/api.w.org\/{rel}","templated":true}]}}