{"id":6,"date":"2019-01-13T07:52:12","date_gmt":"2019-01-13T06:52:12","guid":{"rendered":"https:\/\/shop.profertil.se\/cart\/"},"modified":"2025-08-26T16:16:44","modified_gmt":"2025-08-26T14:16:44","slug":"varukorg","status":"publish","type":"page","link":"https:\/\/shop.profertil.se\/sv\/varukorg\/","title":{"rendered":"Varukorg"},"content":{"rendered":"\n\n\n<p><\/p>\n\n\n\n<p><\/p>\n\n\n\n<p>Snabb leverans sker i Sverige normalt inom 2-3 vardagar direkt fr\u00e5n v\u00e5rt svenska lager till ert n\u00e4rmaste utl\u00e4mningsst\u00e4lle. <\/p>\n\n\n\n<p>Till Norge kan leveransen ta ytterligare n\u00e5gra dagar i anspr\u00e5k bland annat pga av f\u00f6rtullning. F\u00f6r kunder i Norge anges priser i norska kronor (NOK) exklusive moms. Fraktkostnaden ing\u00e5r i priserna men observera att importmoms och administrationsavgift (avgift, tull och moms kan totalt r\u00f6ra sig om ca 400 NOK) f\u00f6r kostnader avseende f\u00f6rtullning och utl\u00e4gg f\u00f6r tull\/moms tillkommer och betalas direkt till transport\u00f6ren. <\/p>\n\n\n\n<p><\/p>\n","protected":false},"excerpt":{"rendered":"<p>Snabb leverans sker i Sverige normalt inom 2-3 vardagar direkt fr\u00e5n v\u00e5rt svenska lager till ert n\u00e4rmaste utl\u00e4mningsst\u00e4lle. Till Norge kan leveransen ta ytterligare n\u00e5gra dagar i anspr\u00e5k bland annat pga av f\u00f6rtullning. F\u00f6r kunder i Norge anges priser i norska kronor (NOK) exklusive moms. Fraktkostnaden ing\u00e5r i priserna men observera att importmoms och administrationsavgift &hellip; <\/p>\n<p class=\"link-more\"><a href=\"https:\/\/shop.profertil.se\/sv\/varukorg\/\" class=\"more-link\">Forts\u00e4tt l\u00e4sa<span class=\"screen-reader-text\"> \u201dVarukorg\u201d<\/span><\/a><\/p>\n","protected":false},"author":1,"featured_media":0,"parent":0,"menu_order":0,"comment_status":"closed","ping_status":"closed","template":"","meta":{"_monsterinsights_skip_tracking":false,"_monsterinsights_sitenote_active":false,"_monsterinsights_sitenote_note":"","_monsterinsights_sitenote_category":0,"footnotes":""},"class_list":["post-6","page","type-page","status-publish","hentry"],"yoast_head":"<!-- This site is optimized with the Yoast SEO plugin v27.4 - https:\/\/yoast.com\/product\/yoast-seo-wordpress\/ -->\n<title>Varukorg<\/title>\n<meta name=\"robots\" content=\"index, follow, max-snippet:-1, max-image-preview:large, max-video-preview:-1\" \/>\n<link rel=\"canonical\" href=\"https:\/\/shop.profertil.se\/sv\/varukorg\/\" \/>\n<meta property=\"og:locale\" content=\"sv_SE\" \/>\n<meta property=\"og:locale:alternate\" content=\"nb_NOR\" \/>\n<meta property=\"og:type\" content=\"article\" \/>\n<meta property=\"og:title\" content=\"Varukorg\" \/>\n<meta property=\"og:description\" content=\"Snabb leverans sker i Sverige normalt inom 2-3 vardagar direkt fr\u00e5n v\u00e5rt svenska lager till ert n\u00e4rmaste utl\u00e4mningsst\u00e4lle. Till Norge kan leveransen ta ytterligare n\u00e5gra dagar i anspr\u00e5k bland annat pga av f\u00f6rtullning. F\u00f6r kunder i Norge anges priser i norska kronor (NOK) exklusive moms. Fraktkostnaden ing\u00e5r i priserna men observera att importmoms och administrationsavgift &hellip; Forts\u00e4tt l\u00e4sa \u201dVarukorg\u201d\" \/>\n<meta property=\"og:url\" content=\"https:\/\/shop.profertil.se\/sv\/varukorg\/\" \/>\n<meta property=\"og:site_name\" content=\"PROFERTIL\u00ae\" \/>\n<meta property=\"article:publisher\" content=\"https:\/\/www.facebook.com\/PROfertil-1675701209309390\/\" \/>\n<meta property=\"article:modified_time\" content=\"2025-08-26T14:16:44+00:00\" \/>\n<meta name=\"twitter:card\" content=\"summary_large_image\" \/>\n<meta name=\"twitter:label1\" content=\"Ber\u00e4knad l\u00e4stid\" \/>\n\t<meta name=\"twitter:data1\" content=\"1 minut\" \/>\n<script type=\"application\/ld+json\" class=\"yoast-schema-graph\">{\"@context\":\"https:\\\/\\\/schema.org\",\"@graph\":[{\"@type\":\"WebPage\",\"@id\":\"https:\\\/\\\/shop.profertil.se\\\/sv\\\/varukorg\\\/\",\"url\":\"https:\\\/\\\/shop.profertil.se\\\/sv\\\/varukorg\\\/\",\"name\":\"Varukorg\",\"isPartOf\":{\"@id\":\"https:\\\/\\\/shop.profertil.se\\\/#website\"},\"datePublished\":\"2019-01-13T06:52:12+00:00\",\"dateModified\":\"2025-08-26T14:16:44+00:00\",\"breadcrumb\":{\"@id\":\"https:\\\/\\\/shop.profertil.se\\\/sv\\\/varukorg\\\/#breadcrumb\"},\"inLanguage\":\"sv-SE\",\"potentialAction\":[{\"@type\":\"ReadAction\",\"target\":[\"https:\\\/\\\/shop.profertil.se\\\/sv\\\/varukorg\\\/\"]}]},{\"@type\":\"BreadcrumbList\",\"@id\":\"https:\\\/\\\/shop.profertil.se\\\/sv\\\/varukorg\\\/#breadcrumb\",\"itemListElement\":[{\"@type\":\"ListItem\",\"position\":1,\"name\":\"Hem\",\"item\":\"https:\\\/\\\/shop.profertil.se\\\/sv\\\/\"},{\"@type\":\"ListItem\",\"position\":2,\"name\":\"Varukorg\"}]},{\"@type\":\"WebSite\",\"@id\":\"https:\\\/\\\/shop.profertil.se\\\/#website\",\"url\":\"https:\\\/\\\/shop.profertil.se\\\/\",\"name\":\"H\u00e4r hittar ni PROfertil\u00ae\",\"description\":\"V\u00e5r officiella svenska butik f\u00f6r PROFERTIL\u00ae\",\"publisher\":{\"@id\":\"https:\\\/\\\/shop.profertil.se\\\/#organization\"},\"potentialAction\":[{\"@type\":\"SearchAction\",\"target\":{\"@type\":\"EntryPoint\",\"urlTemplate\":\"https:\\\/\\\/shop.profertil.se\\\/?s={search_term_string}\"},\"query-input\":{\"@type\":\"PropertyValueSpecification\",\"valueRequired\":true,\"valueName\":\"search_term_string\"}}],\"inLanguage\":\"sv-SE\"},{\"@type\":\"Organization\",\"@id\":\"https:\\\/\\\/shop.profertil.se\\\/#organization\",\"name\":\"Lisana Sweden\",\"url\":\"https:\\\/\\\/shop.profertil.se\\\/\",\"logo\":{\"@type\":\"ImageObject\",\"inLanguage\":\"sv-SE\",\"@id\":\"https:\\\/\\\/shop.profertil.se\\\/#\\\/schema\\\/logo\\\/image\\\/\",\"url\":\"https:\\\/\\\/shop.profertil.se\\\/wp-content\\\/uploads\\\/2019\\\/01\\\/logo-e1547386534716.jpg\",\"contentUrl\":\"https:\\\/\\\/shop.profertil.se\\\/wp-content\\\/uploads\\\/2019\\\/01\\\/logo-e1547386534716.jpg\",\"width\":113,\"height\":46,\"caption\":\"Lisana Sweden\"},\"image\":{\"@id\":\"https:\\\/\\\/shop.profertil.se\\\/#\\\/schema\\\/logo\\\/image\\\/\"},\"sameAs\":[\"https:\\\/\\\/www.facebook.com\\\/PROfertil-1675701209309390\\\/\"]}]}<\/script>\n<!-- \/ Yoast SEO plugin. -->","yoast_head_json":{"title":"Varukorg","robots":{"index":"index","follow":"follow","max-snippet":"max-snippet:-1","max-image-preview":"max-image-preview:large","max-video-preview":"max-video-preview:-1"},"canonical":"https:\/\/shop.profertil.se\/sv\/varukorg\/","og_locale":"sv_SE","og_type":"article","og_title":"[:sv]Varukorg[:no]Varukorg[:] - PROFERTIL\u00ae","og_description":"Snabb leverans sker i Sverige normalt inom 2-3 vardagar direkt fr\u00e5n v\u00e5rt svenska lager till ert n\u00e4rmaste utl\u00e4mningsst\u00e4lle. Till Norge kan leveransen ta ytterligare n\u00e5gra dagar i anspr\u00e5k bland annat pga av f\u00f6rtullning. F\u00f6r kunder i Norge anges priser i norska kronor (NOK) exklusive moms. Fraktkostnaden ing\u00e5r i priserna men observera att importmoms och administrationsavgift &hellip; Forts\u00e4tt l\u00e4sa \u201dVarukorg\u201d","og_url":"https:\/\/shop.profertil.se\/sv\/varukorg\/","og_site_name":"PROFERTIL\u00ae","article_publisher":"https:\/\/www.facebook.com\/PROfertil-1675701209309390\/","article_modified_time":"2025-08-26T14:16:44+00:00","twitter_card":"summary_large_image","twitter_misc":{"Ber\u00e4knad l\u00e4stid":"1 minut"},"schema":{"@context":"https:\/\/schema.org","@graph":[{"@type":"WebPage","@id":"https:\/\/shop.profertil.se\/sv\/varukorg\/","url":"https:\/\/shop.profertil.se\/sv\/varukorg\/","name":"Varukorg","isPartOf":{"@id":"https:\/\/shop.profertil.se\/#website"},"datePublished":"2019-01-13T06:52:12+00:00","dateModified":"2025-08-26T14:16:44+00:00","breadcrumb":{"@id":"https:\/\/shop.profertil.se\/sv\/varukorg\/#breadcrumb"},"inLanguage":"sv-SE","potentialAction":[{"@type":"ReadAction","target":["https:\/\/shop.profertil.se\/sv\/varukorg\/"]}]},{"@type":"BreadcrumbList","@id":"https:\/\/shop.profertil.se\/sv\/varukorg\/#breadcrumb","itemListElement":[{"@type":"ListItem","position":1,"name":"Hem","item":"https:\/\/shop.profertil.se\/sv\/"},{"@type":"ListItem","position":2,"name":"Varukorg"}]},{"@type":"WebSite","@id":"https:\/\/shop.profertil.se\/#website","url":"https:\/\/shop.profertil.se\/","name":"H\u00e4r hittar ni PROfertil\u00ae","description":"V\u00e5r officiella svenska butik f\u00f6r PROFERTIL\u00ae","publisher":{"@id":"https:\/\/shop.profertil.se\/#organization"},"potentialAction":[{"@type":"SearchAction","target":{"@type":"EntryPoint","urlTemplate":"https:\/\/shop.profertil.se\/?s={search_term_string}"},"query-input":{"@type":"PropertyValueSpecification","valueRequired":true,"valueName":"search_term_string"}}],"inLanguage":"sv-SE"},{"@type":"Organization","@id":"https:\/\/shop.profertil.se\/#organization","name":"Lisana Sweden","url":"https:\/\/shop.profertil.se\/","logo":{"@type":"ImageObject","inLanguage":"sv-SE","@id":"https:\/\/shop.profertil.se\/#\/schema\/logo\/image\/","url":"https:\/\/shop.profertil.se\/wp-content\/uploads\/2019\/01\/logo-e1547386534716.jpg","contentUrl":"https:\/\/shop.profertil.se\/wp-content\/uploads\/2019\/01\/logo-e1547386534716.jpg","width":113,"height":46,"caption":"Lisana Sweden"},"image":{"@id":"https:\/\/shop.profertil.se\/#\/schema\/logo\/image\/"},"sameAs":["https:\/\/www.facebook.com\/PROfertil-1675701209309390\/"]}]}},"_links":{"self":[{"href":"https:\/\/shop.profertil.se\/sv\/wp-json\/wp\/v2\/pages\/6","targetHints":{"allow":["GET"]}}],"collection":[{"href":"https:\/\/shop.profertil.se\/sv\/wp-json\/wp\/v2\/pages"}],"about":[{"href":"https:\/\/shop.profertil.se\/sv\/wp-json\/wp\/v2\/types\/page"}],"author":[{"embeddable":true,"href":"https:\/\/shop.profertil.se\/sv\/wp-json\/wp\/v2\/users\/1"}],"replies":[{"embeddable":true,"href":"https:\/\/shop.profertil.se\/sv\/wp-json\/wp\/v2\/comments?post=6"}],"version-history":[{"count":2,"href":"https:\/\/shop.profertil.se\/sv\/wp-json\/wp\/v2\/pages\/6\/revisions"}],"predecessor-version":[{"id":6999,"href":"https:\/\/shop.profertil.se\/sv\/wp-json\/wp\/v2\/pages\/6\/revisions\/6999"}],"wp:attachment":[{"href":"https:\/\/shop.profertil.se\/sv\/wp-json\/wp\/v2\/media?parent=6"}],"curies":[{"name":"wp","href":"https:\/\/api.w.org\/{rel}","templated":true}]}}