{"id":31,"date":"2019-01-14T10:25:47","date_gmt":"2019-01-14T09:25:47","guid":{"rendered":"https:\/\/shop.profertil.se\/?page_id=31"},"modified":"2025-08-26T15:16:58","modified_gmt":"2025-08-26T13:16:58","slug":"kopvillkor","status":"publish","type":"page","link":"https:\/\/shop.profertil.se\/sv\/kopvillkor\/","title":{"rendered":"Allm\u00e4nna villkor"},"content":{"rendered":"\n<h2 class=\"wp-block-heading\">K\u00f6pvillkor<\/h2>\n\n\n\n<h3 class=\"wp-block-heading\" id=\"block-339c59a5-8cd0-4a79-ac04-bc49e16ac5a5\">Allm\u00e4nt<\/h3>\n\n\n\n<p id=\"block-79e70dd5-fde7-400f-83d3-23e0896f83a4\">Lisana Gemini s\u00e4ljer varor via internet till privatpersoner och f\u00f6retag i Sverige med person- eller organisationsnummer samt till privatpersoner i Norge. F\u00f6r att handla hos oss m\u00e5ste du ha fyllt 18 \u00e5r. Produkterna som vi s\u00e4ljer har en svensk manual eller bruksanvisning, antingen i fysisk eller digital form. Sedvanliga garantier l\u00e4mnas p\u00e5 produkter d\u00e4r garanti \u00e4r till\u00e4mpligt och eventuella garantier \u00e4r giltiga i Sverige och endast f\u00f6r f\u00f6rstahandsk\u00f6pare. Mer information finns i respektive produkts bruksanvisning.<\/p>\n\n\n\n<h3 class=\"wp-block-heading\" id=\"block-ff3ea4d3-1f0e-42cf-96f0-c327926c3f7d\">Best\u00e4llning<\/h3>\n\n\n\n<p id=\"block-9f13cbd5-05c0-472e-8a5f-7b7225e976ce\">Best\u00e4llning g\u00f6rs p\u00e5 v\u00e5r hemsida. Om du har fr\u00e5gor kring hur du best\u00e4ller \u00e4r du v\u00e4lkommen kontakta oss, se kontaktuppgifter p\u00e5 hemsidan. Genomf\u00f6rd best\u00e4llning inneb\u00e4r att du godk\u00e4nner v\u00e5ra k\u00f6pvillkor och samtycker till att namn och person- eller organisationsnummer registreras i v\u00e5rt kundregister. Avtal om k\u00f6p tr\u00e4ffas f\u00f6rst n\u00e4r vi bekr\u00e4ftat best\u00e4llningen genom att skicka en orderbekr\u00e4ftelse till den mejladress du angivit. Vi f\u00f6rbeh\u00e5ller oss r\u00e4tten att korrigera ordrar om leverans av n\u00e5gon anledning inte kan ske, och om du har gjort flera best\u00e4llningar f\u00f6rbeh\u00e5ller vi oss r\u00e4tten att sl\u00e5 ihop dina ordrar och leverera dem i ett paket.<\/p>\n\n\n\n<h5 class=\"wp-block-heading\" id=\"block-b442e465-54f9-4b35-924d-4b6f92639fca\">Priser och produktbilder<\/h5>\n\n\n\n<p id=\"block-2716439e-f340-4461-89ee-6c5a7c1ae4dd\">F\u00f6r kunder i Sverige anges priser i svenska kronor (SEK) inklusive moms. Fraktkostnad ing\u00e5r i priset vid k\u00f6p \u00f6ver 750 kr.<\/p>\n\n\n\n<p id=\"block-0604472f-204c-496a-bd38-7359aa197909\">F\u00f6r kunder i Norge anges priser i norska kronor (NOK) exklusive moms. Fraktkostnaden ing\u00e5r i priset vid k\u00f6p \u00f6ver 750 kr men observera att tull, importmoms och administrationsavgift f\u00f6r kostnader avseende f\u00f6rtullning och utl\u00e4gg f\u00f6r tull\/moms tillkommer och betalas direkt till transport\u00f6ren.<\/p>\n\n\n\n<p id=\"block-8c090310-1e50-4fa9-beb0-ffa17babeeca\">Produktbilderna p\u00e5 hemsidan garanterar inte att varans exakta utseende och beskaffenhet \u00e5terges. Vi reserverar oss f\u00f6r eventuella fel i produktinformationen och f\u00f6rbeh\u00e5ller oss r\u00e4tten att \u00e4ndra produktinformation och priser utan f\u00f6reg\u00e5ende avisering.<\/p>\n\n\n\n<p id=\"block-86dac72e-0b47-4089-b08a-6121f1820f51\">Lisana Gemini reserverar sig f\u00f6r eventuella fel i pris- och produktinformation eller i \u00f6vrigt p\u00e5 hemsidan. Vid eventuella felaktigheter f\u00f6rbeh\u00e5lls Lisana Gemini r\u00e4tten att korrigera detta i efterhand. Vi reserverar oss f\u00f6r prisjusteringar, slutf\u00f6rs\u00e4ljning, lagerdifferenser, tekniska problem, \u00e4ndringar av tekniska specifikationer och eventuella typografiska fel p\u00e5 v\u00e5r sida eller i v\u00e5ra annonser. Vi f\u00f6rbeh\u00e5ller oss r\u00e4tten att annullera felaktiga ordrar.<\/p>\n\n\n\n<h5 class=\"wp-block-heading\" id=\"block-6df602fd-28c4-4ee7-a514-41f24fcfd56a\">Personuppgifter<\/h5>\n\n\n\n<p id=\"block-59d36cb9-b809-4524-bec6-d2ac39ce4b50\">Vid best\u00e4llning och\/eller registrering hos oss kommer du bli ombedd att l\u00e4mna vissa personuppgifter som lagras i v\u00e5rt kundregister. Kundregistret inneh\u00e5ller personuppgifter s\u00e5som namn, personnummer, postadress, telefonnummer, e-post, leverans-, betalnings- och ink\u00f6psuppgifter samt uppgifter baserade p\u00e5 din anv\u00e4ndning av digitala tj\u00e4nster.<br>Dina personuppgifter lagras i v\u00e5rt kundregister och anv\u00e4nds f\u00f6r att<\/p>\n\n\n\n<ol id=\"block-7188c719-1121-4e04-a22b-0d12fa153aed\" class=\"wp-block-list\">\n<li>fullg\u00f6ra k\u00f6p p\u00e5 v\u00e5r webbplats.<\/li>\n\n\n\n<li>genomf\u00f6ra diverse marknadsf\u00f6ringsaktiviteter i form av utskick av information om v\u00e5ra varor och tj\u00e4nster per post, e-post, sms och andra digitala kanaler. Det kan \u00e4ven handla om en mer personligt riktad marknadsf\u00f6ring eller kundunders\u00f6kningar s\u00e5som kundn\u00f6jdhet. Detta kan baseras p\u00e5 dina tidigare ink\u00f6p eller anv\u00e4ndning av v\u00e5ra digitala kanaler.<\/li>\n\n\n\n<li>anpassa v\u00e5ra varor och tj\u00e4nster efter dig som kund. Det fungerar \u00e4ven som ett underlag f\u00f6r marknads- och kundanalyser, aff\u00e4rsuppf\u00f6ljning samt aff\u00e4rs- och metodutveckling.<\/li>\n<\/ol>\n\n\n\n<p id=\"block-71a9dd38-4d55-4e80-a967-bb1b3e06e323\">Lisana Gemini hanterar dina personuppgifter enligt dataskyddsf\u00f6rordningen (GDPR), vilket inneb\u00e4r att du har r\u00e4tt att f\u00e5 den information om dig som finns registrerad hos oss. Beg\u00e4ran kan g\u00f6ras skriftligen en g\u00e5ng per \u00e5r.<\/p>\n\n\n\n<p id=\"block-bd3d8fd9-a03e-40da-84b8-0559167411ba\">Vi garanterar att inga uppgifter om dig kommer s\u00e4ljas vidare eller l\u00e4mnas till tredje part. L\u00e4s mer om hur vi behandlar dina personuppgifter i v\u00e5r integritetspolicy.<\/p>\n\n\n\n<p id=\"block-aea59562-7fc3-4a59-8d8d-48cc4cb16f30\">V\u00e5r samarbetspartner f\u00f6r betalningar kommer att behandla dina personuppgifter r\u00f6rande betalning. P\u00e5 s\u00e5 s\u00e4tt \u00e4r v\u00e5r sammarbetspartner personuppgiftsansvarig f\u00f6r s\u00e5dana personuppgifter.<\/p>\n\n\n\n<p id=\"block-2ad78030-1ed6-46ff-adce-90e833ab7836\">Vi f\u00f6rbeh\u00e5ller oss r\u00e4tten att annullera ordrar som inneh\u00e5ller felaktiga personuppgifter och\/eller d\u00e4r kunden har betalningsanm\u00e4rkningar.<\/p>\n\n\n\n<h5 class=\"wp-block-heading\" id=\"block-9aa85277-815a-4c7e-952a-eb73e341d323\">Copyright<\/h5>\n\n\n\n<p id=\"block-2ddef3ae-1f21-4dca-acfd-9ab7f6d31386\">Allt inneh\u00e5ll p\u00e5 den h\u00e4r webbplatsen, s\u00e5 som text, grafik, logotyper, bilder, ljudklipp, digitala nedladdningar och annan mjukvara, tillh\u00f6r Lisana Gemini eller v\u00e5ra leverant\u00f6rer och \u00e4r skyddat av svenska och internationella upphovsr\u00e4ttslagar.<\/p>\n\n\n\n<h3 class=\"wp-block-heading\" id=\"block-91d999cb-4913-4407-b388-b285ba4093f6\">Frakt och leverans<\/h3>\n\n\n\n<p id=\"block-a5b8eddf-8d39-4bec-ae8f-62864f915dd4\">Lisana Gemini v\u00e4ljer att sammarbeta med den fraktleverant\u00f6r som vi anser fungerar b\u00e4st och tillf\u00f6rlitligast (kan vara DHL, PostNord, Schenker, UPS mfl.)<\/p>\n\n\n\n<p id=\"block-47a745d7-7761-46b0-914d-5009ab74aeda\">Lisana Gemini hanterar normalt din order inom ett dygn (helgfria vardagar) fr\u00e5n best\u00e4llning fram tills dess att varan l\u00e4mnar v\u00e5rt lager, f\u00f6rutsatt att vi har varan i lager. N\u00e4r varan har l\u00e4mnat v\u00e5rt lager \u00f6verg\u00e5r leveransansvaret till fraktbolagen\/transport\u00f6ren som levererar din order inom utsatt tid f\u00f6r valt frakts\u00e4tt. Lisana Gemini kan inte l\u00e4mna n\u00e5gon f\u00f6rseningsgaranti f\u00f6r varor som inte finns i lager vid best\u00e4llningstidpunkt eller f\u00f6r varor som l\u00e4mnat v\u00e5rt lager. Det betyder att den totala leveranstiden innan varan n\u00e5r dig kan bli l\u00e4ngre \u00e4n vad som anges som normalt f\u00f6r valt frakts\u00e4tt.<\/p>\n\n\n\n<p id=\"block-8cb7fee3-10c9-475b-92be-06018b3c1003\">Till vissa delar av Norrland och till Gotland levererar Posten och Schenker Privpak med en dags f\u00f6rdr\u00f6jning, denna \u00e4r inte inr\u00e4knad i den ber\u00e4knade leveranstid vi anger p\u00e5 hemsidan. Detta r\u00f6r till exempel vissa orter med postnummer som b\u00f6rjar p\u00e5 82-84, 86-89 samt 91-98.<\/p>\n\n\n\n<p id=\"block-561db516-a275-490c-a09b-d51192f4581a\">F\u00f6r leverans till Norge kan likas\u00e5 leveransen ta n\u00e5gra extra dagar i anspr\u00e5k bland annat pga av f\u00f6rtullning.<\/p>\n\n\n\n<p id=\"block-8f25a1ce-46d3-4018-beb6-d68fb849f874\">Kunden har alltid r\u00e4tt att h\u00e4va k\u00f6pet vid leveransf\u00f6rseningar. Det kan finnas tillf\u00e4llen som g\u00f6r det om\u00f6jligt f\u00f6r oss att fullf\u00f6lja best\u00e4llningen, till exempel om v\u00e5r leverant\u00f6r inte kan fullf\u00f6lja sitt \u00e5tagande till oss. Kontakta oss om du \u00f6nskar h\u00e4va ditt k\u00f6p.<\/p>\n\n\n\n<h3 class=\"wp-block-heading\" id=\"block-05d79d7a-5e2e-4fa2-a023-eec0d4ded08a\">Betalning<\/h3>\n\n\n\n<p id=\"block-c02ebeb7-bd50-4e2d-8cd1-213a38c8b75a\">Lisana Gemini har r\u00e4tt att g\u00f6ra en kreditkontroll d\u00e4r s\u00e5 kr\u00e4vs f\u00f6r att kunna bevilja kredittid. Som kund f\u00f6rbinder du dig att betala inom utsatt tid f\u00f6r valt betals\u00e4tt. Betalning efter f\u00f6rfallodatum kan leda till dr\u00f6jsm\u00e5lsavgifter och r\u00e4nta.<br>\ufeff<\/p>\n\n\n\n<h3 class=\"wp-block-heading\" id=\"block-eb18df5b-13e9-419b-820e-926e693c22c9\">Reklamation<\/h3>\n\n\n\n<p id=\"block-98faf2bf-8451-41ea-af9a-3ac58e457916\">Om du har f\u00e5tt en defekt eller felexpedierad vara ber vi dig att omg\u00e5ende kontakta oss. Beskriv felet s\u00e5 utf\u00f6rligt som m\u00f6jligt. Om vi inte kan l\u00f6sa problemet f\u00e5r du naturligtvis reklamera produkten f\u00f6r att f\u00e5 en ny. Reklamationer skall g\u00f6ras i enlighet med de instruktioner du f\u00e5r av oss. Vid eventuell tvist f\u00f6ljer vi <a href=\"http:\/\/www.arn.se\/info-konsument\/\" target=\"_blank\" rel=\"noreferrer noopener\">Allm\u00e4nna<br>reklamationsn\u00e4mndens rekommendationer<\/a>.<\/p>\n\n\n\n<p>Observera dock att&nbsp;&nbsp;f\u00f6rpackningar och inneh\u00e5ll som \u00f6ppnats eller utsatts f\u00f6r h\u00f6gre temperaturer \u00e4n 25 grader betraktas som f\u00f6rst\u00f6rda &nbsp;och kommer d\u00e4rf\u00f6r inte att ers\u00e4ttas.<\/p>\n","protected":false},"excerpt":{"rendered":"<p>K\u00f6pvillkor Allm\u00e4nt Lisana Gemini s\u00e4ljer varor via internet till privatpersoner och f\u00f6retag i Sverige med person- eller organisationsnummer samt till privatpersoner i Norge. F\u00f6r att handla hos oss m\u00e5ste du ha fyllt 18 \u00e5r. Produkterna som vi s\u00e4ljer har en svensk manual eller bruksanvisning, antingen i fysisk eller digital form. Sedvanliga garantier l\u00e4mnas p\u00e5 produkter &hellip; <\/p>\n<p class=\"link-more\"><a href=\"https:\/\/shop.profertil.se\/sv\/kopvillkor\/\" class=\"more-link\">Forts\u00e4tt l\u00e4sa<span class=\"screen-reader-text\"> \u201dAllm\u00e4nna villkor\u201d<\/span><\/a><\/p>\n","protected":false},"author":1,"featured_media":0,"parent":0,"menu_order":0,"comment_status":"closed","ping_status":"closed","template":"","meta":{"_monsterinsights_skip_tracking":false,"_monsterinsights_sitenote_active":false,"_monsterinsights_sitenote_note":"","_monsterinsights_sitenote_category":0,"footnotes":""},"class_list":["post-31","page","type-page","status-publish","hentry"],"yoast_head":"<!-- This site is optimized with the Yoast SEO plugin v27.4 - https:\/\/yoast.com\/product\/yoast-seo-wordpress\/ -->\n<title>Allm\u00e4nna villkor<\/title>\n<meta name=\"robots\" content=\"index, follow, max-snippet:-1, max-image-preview:large, max-video-preview:-1\" \/>\n<link rel=\"canonical\" href=\"https:\/\/shop.profertil.se\/sv\/kopvillkor\/\" \/>\n<meta property=\"og:locale\" content=\"sv_SE\" \/>\n<meta property=\"og:locale:alternate\" content=\"nb_NOR\" \/>\n<meta property=\"og:type\" content=\"article\" \/>\n<meta property=\"og:title\" content=\"Allm\u00e4nna villkor\" \/>\n<meta property=\"og:description\" content=\"K\u00f6pvillkor Allm\u00e4nt Lisana Gemini s\u00e4ljer varor via internet till privatpersoner och f\u00f6retag i Sverige med person- eller organisationsnummer samt till privatpersoner i Norge. F\u00f6r att handla hos oss m\u00e5ste du ha fyllt 18 \u00e5r. Produkterna som vi s\u00e4ljer har en svensk manual eller bruksanvisning, antingen i fysisk eller digital form. Sedvanliga garantier l\u00e4mnas p\u00e5 produkter &hellip; Forts\u00e4tt l\u00e4sa \u201dAllm\u00e4nna villkor\u201d\" \/>\n<meta property=\"og:url\" content=\"https:\/\/shop.profertil.se\/sv\/kopvillkor\/\" \/>\n<meta property=\"og:site_name\" content=\"PROFERTIL\u00ae\" \/>\n<meta property=\"article:publisher\" content=\"https:\/\/www.facebook.com\/PROfertil-1675701209309390\/\" \/>\n<meta property=\"article:modified_time\" content=\"2025-08-26T13:16:58+00:00\" \/>\n<meta name=\"twitter:card\" content=\"summary_large_image\" \/>\n<meta name=\"twitter:label1\" content=\"Ber\u00e4knad l\u00e4stid\" \/>\n\t<meta name=\"twitter:data1\" content=\"5 minuter\" \/>\n<script type=\"application\/ld+json\" class=\"yoast-schema-graph\">{\"@context\":\"https:\\\/\\\/schema.org\",\"@graph\":[{\"@type\":\"WebPage\",\"@id\":\"https:\\\/\\\/shop.profertil.se\\\/sv\\\/kopvillkor\\\/\",\"url\":\"https:\\\/\\\/shop.profertil.se\\\/sv\\\/kopvillkor\\\/\",\"name\":\"Allm\u00e4nna villkor\",\"isPartOf\":{\"@id\":\"https:\\\/\\\/shop.profertil.se\\\/#website\"},\"datePublished\":\"2019-01-14T09:25:47+00:00\",\"dateModified\":\"2025-08-26T13:16:58+00:00\",\"breadcrumb\":{\"@id\":\"https:\\\/\\\/shop.profertil.se\\\/sv\\\/kopvillkor\\\/#breadcrumb\"},\"inLanguage\":\"sv-SE\",\"potentialAction\":[{\"@type\":\"ReadAction\",\"target\":[\"https:\\\/\\\/shop.profertil.se\\\/sv\\\/kopvillkor\\\/\"]}]},{\"@type\":\"BreadcrumbList\",\"@id\":\"https:\\\/\\\/shop.profertil.se\\\/sv\\\/kopvillkor\\\/#breadcrumb\",\"itemListElement\":[{\"@type\":\"ListItem\",\"position\":1,\"name\":\"Hem\",\"item\":\"https:\\\/\\\/shop.profertil.se\\\/sv\\\/\"},{\"@type\":\"ListItem\",\"position\":2,\"name\":\"Allm\u00e4nna villkor\"}]},{\"@type\":\"WebSite\",\"@id\":\"https:\\\/\\\/shop.profertil.se\\\/#website\",\"url\":\"https:\\\/\\\/shop.profertil.se\\\/\",\"name\":\"H\u00e4r hittar ni PROfertil\u00ae\",\"description\":\"V\u00e5r officiella svenska butik f\u00f6r PROFERTIL\u00ae\",\"publisher\":{\"@id\":\"https:\\\/\\\/shop.profertil.se\\\/#organization\"},\"potentialAction\":[{\"@type\":\"SearchAction\",\"target\":{\"@type\":\"EntryPoint\",\"urlTemplate\":\"https:\\\/\\\/shop.profertil.se\\\/?s={search_term_string}\"},\"query-input\":{\"@type\":\"PropertyValueSpecification\",\"valueRequired\":true,\"valueName\":\"search_term_string\"}}],\"inLanguage\":\"sv-SE\"},{\"@type\":\"Organization\",\"@id\":\"https:\\\/\\\/shop.profertil.se\\\/#organization\",\"name\":\"Lisana Sweden\",\"url\":\"https:\\\/\\\/shop.profertil.se\\\/\",\"logo\":{\"@type\":\"ImageObject\",\"inLanguage\":\"sv-SE\",\"@id\":\"https:\\\/\\\/shop.profertil.se\\\/#\\\/schema\\\/logo\\\/image\\\/\",\"url\":\"https:\\\/\\\/shop.profertil.se\\\/wp-content\\\/uploads\\\/2019\\\/01\\\/logo-e1547386534716.jpg\",\"contentUrl\":\"https:\\\/\\\/shop.profertil.se\\\/wp-content\\\/uploads\\\/2019\\\/01\\\/logo-e1547386534716.jpg\",\"width\":113,\"height\":46,\"caption\":\"Lisana Sweden\"},\"image\":{\"@id\":\"https:\\\/\\\/shop.profertil.se\\\/#\\\/schema\\\/logo\\\/image\\\/\"},\"sameAs\":[\"https:\\\/\\\/www.facebook.com\\\/PROfertil-1675701209309390\\\/\"]}]}<\/script>\n<!-- \/ Yoast SEO plugin. -->","yoast_head_json":{"title":"Allm\u00e4nna villkor","robots":{"index":"index","follow":"follow","max-snippet":"max-snippet:-1","max-image-preview":"max-image-preview:large","max-video-preview":"max-video-preview:-1"},"canonical":"https:\/\/shop.profertil.se\/sv\/kopvillkor\/","og_locale":"sv_SE","og_type":"article","og_title":"[:sv]Allm\u00e4nna villkor[:no]Allm\u00e4nna villkor[:] - PROFERTIL\u00ae","og_description":"K\u00f6pvillkor Allm\u00e4nt Lisana Gemini s\u00e4ljer varor via internet till privatpersoner och f\u00f6retag i Sverige med person- eller organisationsnummer samt till privatpersoner i Norge. F\u00f6r att handla hos oss m\u00e5ste du ha fyllt 18 \u00e5r. Produkterna som vi s\u00e4ljer har en svensk manual eller bruksanvisning, antingen i fysisk eller digital form. Sedvanliga garantier l\u00e4mnas p\u00e5 produkter &hellip; Forts\u00e4tt l\u00e4sa \u201dAllm\u00e4nna villkor\u201d","og_url":"https:\/\/shop.profertil.se\/sv\/kopvillkor\/","og_site_name":"PROFERTIL\u00ae","article_publisher":"https:\/\/www.facebook.com\/PROfertil-1675701209309390\/","article_modified_time":"2025-08-26T13:16:58+00:00","twitter_card":"summary_large_image","twitter_misc":{"Ber\u00e4knad l\u00e4stid":"5 minuter"},"schema":{"@context":"https:\/\/schema.org","@graph":[{"@type":"WebPage","@id":"https:\/\/shop.profertil.se\/sv\/kopvillkor\/","url":"https:\/\/shop.profertil.se\/sv\/kopvillkor\/","name":"Allm\u00e4nna villkor","isPartOf":{"@id":"https:\/\/shop.profertil.se\/#website"},"datePublished":"2019-01-14T09:25:47+00:00","dateModified":"2025-08-26T13:16:58+00:00","breadcrumb":{"@id":"https:\/\/shop.profertil.se\/sv\/kopvillkor\/#breadcrumb"},"inLanguage":"sv-SE","potentialAction":[{"@type":"ReadAction","target":["https:\/\/shop.profertil.se\/sv\/kopvillkor\/"]}]},{"@type":"BreadcrumbList","@id":"https:\/\/shop.profertil.se\/sv\/kopvillkor\/#breadcrumb","itemListElement":[{"@type":"ListItem","position":1,"name":"Hem","item":"https:\/\/shop.profertil.se\/sv\/"},{"@type":"ListItem","position":2,"name":"Allm\u00e4nna villkor"}]},{"@type":"WebSite","@id":"https:\/\/shop.profertil.se\/#website","url":"https:\/\/shop.profertil.se\/","name":"H\u00e4r hittar ni PROfertil\u00ae","description":"V\u00e5r officiella svenska butik f\u00f6r PROFERTIL\u00ae","publisher":{"@id":"https:\/\/shop.profertil.se\/#organization"},"potentialAction":[{"@type":"SearchAction","target":{"@type":"EntryPoint","urlTemplate":"https:\/\/shop.profertil.se\/?s={search_term_string}"},"query-input":{"@type":"PropertyValueSpecification","valueRequired":true,"valueName":"search_term_string"}}],"inLanguage":"sv-SE"},{"@type":"Organization","@id":"https:\/\/shop.profertil.se\/#organization","name":"Lisana Sweden","url":"https:\/\/shop.profertil.se\/","logo":{"@type":"ImageObject","inLanguage":"sv-SE","@id":"https:\/\/shop.profertil.se\/#\/schema\/logo\/image\/","url":"https:\/\/shop.profertil.se\/wp-content\/uploads\/2019\/01\/logo-e1547386534716.jpg","contentUrl":"https:\/\/shop.profertil.se\/wp-content\/uploads\/2019\/01\/logo-e1547386534716.jpg","width":113,"height":46,"caption":"Lisana Sweden"},"image":{"@id":"https:\/\/shop.profertil.se\/#\/schema\/logo\/image\/"},"sameAs":["https:\/\/www.facebook.com\/PROfertil-1675701209309390\/"]}]}},"_links":{"self":[{"href":"https:\/\/shop.profertil.se\/sv\/wp-json\/wp\/v2\/pages\/31","targetHints":{"allow":["GET"]}}],"collection":[{"href":"https:\/\/shop.profertil.se\/sv\/wp-json\/wp\/v2\/pages"}],"about":[{"href":"https:\/\/shop.profertil.se\/sv\/wp-json\/wp\/v2\/types\/page"}],"author":[{"embeddable":true,"href":"https:\/\/shop.profertil.se\/sv\/wp-json\/wp\/v2\/users\/1"}],"replies":[{"embeddable":true,"href":"https:\/\/shop.profertil.se\/sv\/wp-json\/wp\/v2\/comments?post=31"}],"version-history":[{"count":12,"href":"https:\/\/shop.profertil.se\/sv\/wp-json\/wp\/v2\/pages\/31\/revisions"}],"predecessor-version":[{"id":7750,"href":"https:\/\/shop.profertil.se\/sv\/wp-json\/wp\/v2\/pages\/31\/revisions\/7750"}],"wp:attachment":[{"href":"https:\/\/shop.profertil.se\/sv\/wp-json\/wp\/v2\/media?parent=31"}],"curies":[{"name":"wp","href":"https:\/\/api.w.org\/{rel}","templated":true}]}}