{"id":7734,"date":"2025-08-26T14:40:46","date_gmt":"2025-08-26T12:40:46","guid":{"rendered":"https:\/\/shop.profertil.se\/sv\/?page_id=7734"},"modified":"2025-12-03T07:35:30","modified_gmt":"2025-12-03T06:35:30","slug":"nyheter","status":"publish","type":"page","link":"https:\/\/shop.profertil.se\/no\/nyheter\/","title":{"rendered":"Nyheter"},"content":{"rendered":"\n<p><strong>Augusti 2025<\/strong><\/p>\n\n\n\n<p id=\"tw-target-text\">Nature Reviews Urology \u2013 en av de mest respekterade medicinska tidskrifterna v\u00e4rlden \u00f6ver \u2013 har publicerat en betydelsefull artikel. Endast en produkt f\u00f6r spermieh\u00e4lsa citerades: PROFERTIL\u00ae. Detta \u00e4r ett oberoende vetenskapligt erk\u00e4nnande p\u00e5 h\u00f6gsta niv\u00e5.<\/p>\n\n\n\n<p><a href=\"https:\/\/www.nature.com\/articles\/s41585-025-01047-1\">https:\/\/www.nature.com\/articles\/s41585-025-01047-1<\/a><\/p>\n\n\n\n<figure class=\"wp-block-image size-large\"><a href=\"https:\/\/shop.profertil.se\/wp-content\/uploads\/2025\/08\/image.png\"><img loading=\"lazy\" decoding=\"async\" width=\"1200\" height=\"696\" src=\"https:\/\/shop.profertil.se\/wp-content\/uploads\/2025\/08\/image-1200x696.png\" alt=\"\" class=\"wp-image-7738\" srcset=\"https:\/\/shop.profertil.se\/wp-content\/uploads\/2025\/08\/image-1200x696.png 1200w, https:\/\/shop.profertil.se\/wp-content\/uploads\/2025\/08\/image-517x300.png 517w, https:\/\/shop.profertil.se\/wp-content\/uploads\/2025\/08\/image-768x445.png 768w, https:\/\/shop.profertil.se\/wp-content\/uploads\/2025\/08\/image-250x145.png 250w, https:\/\/shop.profertil.se\/wp-content\/uploads\/2025\/08\/image-350x203.png 350w, https:\/\/shop.profertil.se\/wp-content\/uploads\/2025\/08\/image.png 1440w\" sizes=\"auto, (max-width: 767px) 89vw, (max-width: 1000px) 54vw, (max-width: 1071px) 543px, 580px\" \/><\/a><\/figure>\n\n\n\n<p><\/p>\n","protected":false},"excerpt":{"rendered":"<p>Augusti 2025 Nature Reviews Urology \u2013 en av de mest respekterade medicinska tidskrifterna v\u00e4rlden \u00f6ver \u2013 har publicerat en betydelsefull artikel. Endast en produkt f\u00f6r spermieh\u00e4lsa citerades: PROFERTIL\u00ae. Detta \u00e4r ett oberoende vetenskapligt erk\u00e4nnande p\u00e5 h\u00f6gsta niv\u00e5. https:\/\/www.nature.com\/articles\/s41585-025-01047-1<\/p>\n","protected":false},"author":1,"featured_media":0,"parent":0,"menu_order":0,"comment_status":"closed","ping_status":"closed","template":"","meta":{"_monsterinsights_skip_tracking":false,"_monsterinsights_sitenote_active":false,"_monsterinsights_sitenote_note":"","_monsterinsights_sitenote_category":0,"footnotes":""},"class_list":["post-7734","page","type-page","status-publish","hentry"],"yoast_head":"<!-- This site is optimized with the Yoast SEO plugin v27.4 - https:\/\/yoast.com\/product\/yoast-seo-wordpress\/ -->\n<title>Nyheter<\/title>\n<meta name=\"robots\" content=\"index, follow, max-snippet:-1, max-image-preview:large, max-video-preview:-1\" \/>\n<link rel=\"canonical\" href=\"https:\/\/shop.profertil.se\/no\/nyheter\/\" \/>\n<meta property=\"og:locale\" content=\"nb_NO\" \/>\n<meta property=\"og:locale:alternate\" content=\"sv_SE\" \/>\n<meta property=\"og:type\" content=\"article\" \/>\n<meta property=\"og:title\" content=\"Nyheter\" \/>\n<meta property=\"og:description\" content=\"Augusti 2025 Nature Reviews Urology \u2013 en av de mest respekterade medicinska tidskrifterna v\u00e4rlden \u00f6ver \u2013 har publicerat en betydelsefull artikel. Endast en produkt f\u00f6r spermieh\u00e4lsa citerades: PROFERTIL\u00ae. Detta \u00e4r ett oberoende vetenskapligt erk\u00e4nnande p\u00e5 h\u00f6gsta niv\u00e5. https:\/\/www.nature.com\/articles\/s41585-025-01047-1\" \/>\n<meta property=\"og:url\" content=\"https:\/\/shop.profertil.se\/no\/nyheter\/\" \/>\n<meta property=\"og:site_name\" content=\"PROfertil\u00ae\" \/>\n<meta property=\"article:publisher\" content=\"https:\/\/www.facebook.com\/PROfertil-1675701209309390\/\" \/>\n<meta property=\"article:modified_time\" content=\"2025-12-03T06:35:30+00:00\" \/>\n<meta property=\"og:image\" content=\"https:\/\/shop.profertil.se\/wp-content\/uploads\/2025\/08\/image.png\" \/>\n\t<meta property=\"og:image:width\" content=\"1440\" \/>\n\t<meta property=\"og:image:height\" content=\"835\" \/>\n\t<meta property=\"og:image:type\" content=\"image\/png\" \/>\n<meta name=\"twitter:card\" content=\"summary_large_image\" \/>\n<meta name=\"twitter:label1\" content=\"Ansl. lesetid\" \/>\n\t<meta name=\"twitter:data1\" content=\"1 minutt\" \/>\n<script type=\"application\/ld+json\" class=\"yoast-schema-graph\">{\"@context\":\"https:\\\/\\\/schema.org\",\"@graph\":[{\"@type\":\"WebPage\",\"@id\":\"https:\\\/\\\/shop.profertil.se\\\/sv\\\/nyheter\\\/\",\"url\":\"https:\\\/\\\/shop.profertil.se\\\/sv\\\/nyheter\\\/\",\"name\":\"Nyheter\",\"isPartOf\":{\"@id\":\"https:\\\/\\\/shop.profertil.se\\\/#website\"},\"primaryImageOfPage\":{\"@id\":\"https:\\\/\\\/shop.profertil.se\\\/sv\\\/nyheter\\\/#primaryimage\"},\"image\":{\"@id\":\"https:\\\/\\\/shop.profertil.se\\\/sv\\\/nyheter\\\/#primaryimage\"},\"thumbnailUrl\":\"https:\\\/\\\/shop.profertil.se\\\/wp-content\\\/uploads\\\/2025\\\/08\\\/image-1200x696.png\",\"datePublished\":\"2025-08-26T12:40:46+00:00\",\"dateModified\":\"2025-12-03T06:35:30+00:00\",\"breadcrumb\":{\"@id\":\"https:\\\/\\\/shop.profertil.se\\\/sv\\\/nyheter\\\/#breadcrumb\"},\"inLanguage\":\"nb-NO\",\"potentialAction\":[{\"@type\":\"ReadAction\",\"target\":[\"https:\\\/\\\/shop.profertil.se\\\/sv\\\/nyheter\\\/\"]}]},{\"@type\":\"ImageObject\",\"inLanguage\":\"nb-NO\",\"@id\":\"https:\\\/\\\/shop.profertil.se\\\/sv\\\/nyheter\\\/#primaryimage\",\"url\":\"https:\\\/\\\/shop.profertil.se\\\/wp-content\\\/uploads\\\/2025\\\/08\\\/image-1200x696.png\",\"contentUrl\":\"https:\\\/\\\/shop.profertil.se\\\/wp-content\\\/uploads\\\/2025\\\/08\\\/image-1200x696.png\"},{\"@type\":\"BreadcrumbList\",\"@id\":\"https:\\\/\\\/shop.profertil.se\\\/sv\\\/nyheter\\\/#breadcrumb\",\"itemListElement\":[{\"@type\":\"ListItem\",\"position\":1,\"name\":\"Hem\",\"item\":\"https:\\\/\\\/shop.profertil.se\\\/sv\\\/\"},{\"@type\":\"ListItem\",\"position\":2,\"name\":\"Nyheter\"}]},{\"@type\":\"WebSite\",\"@id\":\"https:\\\/\\\/shop.profertil.se\\\/#website\",\"url\":\"https:\\\/\\\/shop.profertil.se\\\/\",\"name\":\"H\u00e4r hittar ni PROfertil\u00ae\",\"description\":\"V\u00e5r officiella svenska butik f\u00f6r PROfertil\u00ae\",\"publisher\":{\"@id\":\"https:\\\/\\\/shop.profertil.se\\\/#organization\"},\"potentialAction\":[{\"@type\":\"SearchAction\",\"target\":{\"@type\":\"EntryPoint\",\"urlTemplate\":\"https:\\\/\\\/shop.profertil.se\\\/?s={search_term_string}\"},\"query-input\":{\"@type\":\"PropertyValueSpecification\",\"valueRequired\":true,\"valueName\":\"search_term_string\"}}],\"inLanguage\":\"nb-NO\"},{\"@type\":\"Organization\",\"@id\":\"https:\\\/\\\/shop.profertil.se\\\/#organization\",\"name\":\"Lisana Sweden\",\"url\":\"https:\\\/\\\/shop.profertil.se\\\/\",\"logo\":{\"@type\":\"ImageObject\",\"inLanguage\":\"nb-NO\",\"@id\":\"https:\\\/\\\/shop.profertil.se\\\/#\\\/schema\\\/logo\\\/image\\\/\",\"url\":\"https:\\\/\\\/shop.profertil.se\\\/wp-content\\\/uploads\\\/2019\\\/01\\\/logo-e1547386534716.jpg\",\"contentUrl\":\"https:\\\/\\\/shop.profertil.se\\\/wp-content\\\/uploads\\\/2019\\\/01\\\/logo-e1547386534716.jpg\",\"width\":113,\"height\":46,\"caption\":\"Lisana Sweden\"},\"image\":{\"@id\":\"https:\\\/\\\/shop.profertil.se\\\/#\\\/schema\\\/logo\\\/image\\\/\"},\"sameAs\":[\"https:\\\/\\\/www.facebook.com\\\/PROfertil-1675701209309390\\\/\"]}]}<\/script>\n<!-- \/ Yoast SEO plugin. -->","yoast_head_json":{"title":"Nyheter","robots":{"index":"index","follow":"follow","max-snippet":"max-snippet:-1","max-image-preview":"max-image-preview:large","max-video-preview":"max-video-preview:-1"},"canonical":"https:\/\/shop.profertil.se\/no\/nyheter\/","og_locale":"nb_NO","og_type":"article","og_title":"[:sv]Nyheter[:] - PROfertil\u00ae","og_description":"Augusti 2025 Nature Reviews Urology \u2013 en av de mest respekterade medicinska tidskrifterna v\u00e4rlden \u00f6ver \u2013 har publicerat en betydelsefull artikel. Endast en produkt f\u00f6r spermieh\u00e4lsa citerades: PROFERTIL\u00ae. Detta \u00e4r ett oberoende vetenskapligt erk\u00e4nnande p\u00e5 h\u00f6gsta niv\u00e5. https:\/\/www.nature.com\/articles\/s41585-025-01047-1","og_url":"https:\/\/shop.profertil.se\/no\/nyheter\/","og_site_name":"PROfertil\u00ae","article_publisher":"https:\/\/www.facebook.com\/PROfertil-1675701209309390\/","article_modified_time":"2025-12-03T06:35:30+00:00","og_image":[{"width":1440,"height":835,"url":"https:\/\/shop.profertil.se\/wp-content\/uploads\/2025\/08\/image.png","type":"image\/png"}],"twitter_card":"summary_large_image","twitter_misc":{"Ansl. lesetid":"1 minutt"},"schema":{"@context":"https:\/\/schema.org","@graph":[{"@type":"WebPage","@id":"https:\/\/shop.profertil.se\/sv\/nyheter\/","url":"https:\/\/shop.profertil.se\/sv\/nyheter\/","name":"Nyheter","isPartOf":{"@id":"https:\/\/shop.profertil.se\/#website"},"primaryImageOfPage":{"@id":"https:\/\/shop.profertil.se\/sv\/nyheter\/#primaryimage"},"image":{"@id":"https:\/\/shop.profertil.se\/sv\/nyheter\/#primaryimage"},"thumbnailUrl":"https:\/\/shop.profertil.se\/wp-content\/uploads\/2025\/08\/image-1200x696.png","datePublished":"2025-08-26T12:40:46+00:00","dateModified":"2025-12-03T06:35:30+00:00","breadcrumb":{"@id":"https:\/\/shop.profertil.se\/sv\/nyheter\/#breadcrumb"},"inLanguage":"nb-NO","potentialAction":[{"@type":"ReadAction","target":["https:\/\/shop.profertil.se\/sv\/nyheter\/"]}]},{"@type":"ImageObject","inLanguage":"nb-NO","@id":"https:\/\/shop.profertil.se\/sv\/nyheter\/#primaryimage","url":"https:\/\/shop.profertil.se\/wp-content\/uploads\/2025\/08\/image-1200x696.png","contentUrl":"https:\/\/shop.profertil.se\/wp-content\/uploads\/2025\/08\/image-1200x696.png"},{"@type":"BreadcrumbList","@id":"https:\/\/shop.profertil.se\/sv\/nyheter\/#breadcrumb","itemListElement":[{"@type":"ListItem","position":1,"name":"Hem","item":"https:\/\/shop.profertil.se\/sv\/"},{"@type":"ListItem","position":2,"name":"Nyheter"}]},{"@type":"WebSite","@id":"https:\/\/shop.profertil.se\/#website","url":"https:\/\/shop.profertil.se\/","name":"H\u00e4r hittar ni PROfertil\u00ae","description":"V\u00e5r officiella svenska butik f\u00f6r PROfertil\u00ae","publisher":{"@id":"https:\/\/shop.profertil.se\/#organization"},"potentialAction":[{"@type":"SearchAction","target":{"@type":"EntryPoint","urlTemplate":"https:\/\/shop.profertil.se\/?s={search_term_string}"},"query-input":{"@type":"PropertyValueSpecification","valueRequired":true,"valueName":"search_term_string"}}],"inLanguage":"nb-NO"},{"@type":"Organization","@id":"https:\/\/shop.profertil.se\/#organization","name":"Lisana Sweden","url":"https:\/\/shop.profertil.se\/","logo":{"@type":"ImageObject","inLanguage":"nb-NO","@id":"https:\/\/shop.profertil.se\/#\/schema\/logo\/image\/","url":"https:\/\/shop.profertil.se\/wp-content\/uploads\/2019\/01\/logo-e1547386534716.jpg","contentUrl":"https:\/\/shop.profertil.se\/wp-content\/uploads\/2019\/01\/logo-e1547386534716.jpg","width":113,"height":46,"caption":"Lisana Sweden"},"image":{"@id":"https:\/\/shop.profertil.se\/#\/schema\/logo\/image\/"},"sameAs":["https:\/\/www.facebook.com\/PROfertil-1675701209309390\/"]}]}},"_links":{"self":[{"href":"https:\/\/shop.profertil.se\/no\/wp-json\/wp\/v2\/pages\/7734","targetHints":{"allow":["GET"]}}],"collection":[{"href":"https:\/\/shop.profertil.se\/no\/wp-json\/wp\/v2\/pages"}],"about":[{"href":"https:\/\/shop.profertil.se\/no\/wp-json\/wp\/v2\/types\/page"}],"author":[{"embeddable":true,"href":"https:\/\/shop.profertil.se\/no\/wp-json\/wp\/v2\/users\/1"}],"replies":[{"embeddable":true,"href":"https:\/\/shop.profertil.se\/no\/wp-json\/wp\/v2\/comments?post=7734"}],"version-history":[{"count":5,"href":"https:\/\/shop.profertil.se\/no\/wp-json\/wp\/v2\/pages\/7734\/revisions"}],"predecessor-version":[{"id":8032,"href":"https:\/\/shop.profertil.se\/no\/wp-json\/wp\/v2\/pages\/7734\/revisions\/8032"}],"wp:attachment":[{"href":"https:\/\/shop.profertil.se\/no\/wp-json\/wp\/v2\/media?parent=7734"}],"curies":[{"name":"wp","href":"https:\/\/api.w.org\/{rel}","templated":true}]}}