{"id":7422,"date":"2025-05-18T10:41:41","date_gmt":"2025-05-18T08:41:41","guid":{"rendered":"https:\/\/shop.profertil.se\/sv\/?page_id=7422"},"modified":"2025-09-29T15:24:33","modified_gmt":"2025-09-29T13:24:33","slug":"om-oss","status":"publish","type":"page","link":"https:\/\/shop.profertil.se\/no\/om-oss\/","title":{"rendered":"Om oss"},"content":{"rendered":"\n<p>Det \u00e4r alltid fantastiskt gl\u00e4djande n\u00e4r patienter kontaktar oss och ber\u00e4ttar att en behandling varit lyckad vilket har h\u00e4nt vid flera tillf\u00e4llen! Ni \u00e4r alltid v\u00e4lkomna att ringa eller mejla oss om ni har fr\u00e5gor om preparatet  och behandlingen<\/p>\n\n\n\n<p>Vi representerar PROFERTIL\u00ae i Skandinavien genom Lisana Gemini. PROFERTIL\u00ae \u00e4r en \u00d6sterrikisk produkt fr\u00e5n Lenus Pharma som lanserades omkring 2007 och som idag finns i mer \u00e4n 70 l\u00e4nder. I Sverige b\u00f6rjade vi leverera produkterna i slutet av 2015<\/p>\n\n\n\n<p>I slutet av 2018 introducerade vi s\u00e5 PROFERTIL\u00ae female f\u00f6r behandling av kvinnan. Preparatet \u00e4r avsett att tillgodose kvinnans behov och som f\u00f6rberedande behandling inf\u00f6r graviditeten<\/p>\n\n\n\n<p>Under 2025 har vi introducerat den nya produkten PROFERTIL\u00ae inositol f\u00f6r kvinnor som d\u00e5 ers\u00e4tter PROFERTIL\u00ae female<\/p>\n\n\n\n<p>Som n\u00e4mnts ovan s\u00e5 startade vi v\u00e5r e-handel 2015, d\u00e5 baserad p\u00e5 den v\u00e4lk\u00e4nda plattformen Tictail. I slutet av 2018 blev Tictail uppk\u00f6pta av Shopify varf\u00f6r vi valt v\u00e5r nya l\u00f6sning baserad p\u00e5 WordPress och WooCommerce<\/p>\n\n\n\n<p class=\"has-text-align-center\">&nbsp;<\/p>\n\n\n<div class=\"wp-block-image\">\n<figure class=\"aligncenter\"><img loading=\"lazy\" decoding=\"async\" width=\"113\" height=\"46\" src=\"https:\/\/shop.profertil.se\/wp-content\/uploads\/2019\/01\/logo-e1547386534716.jpg\" alt=\"\" class=\"wp-image-21\"\/><\/figure>\n<\/div>\n\n\n<p class=\"has-text-align-center\">Lisana Gemini GmbH<br>Marktgasse 17, 8640 Rapperswil, Switzerland<\/p>\n\n\n\n<p class=\"has-text-align-center\">&nbsp;PROFERTIL\u00ae \u00e4r patenterad i EU och USA samt s\u00e4ljs och distribueras internationellt av&nbsp;<a href=\"https:\/\/lenuspharma.com\/products\/profertil\/\" target=\"_blank\" rel=\"noreferrer noopener\">Lenus Pharma<\/a>, \u00d6sterrike&nbsp;<br>Lisana Gemini \u00e4r licensierad distribut\u00f6r f\u00f6r Sverige&nbsp;<\/p>\n\n\n<div class=\"wp-block-image\">\n<figure class=\"aligncenter\"><a href=\"https:\/\/shop.profertil.se\/wp-content\/uploads\/2025\/02\/se-profertil-map-1024x438-3.png\"><img loading=\"lazy\" decoding=\"async\" width=\"1024\" height=\"438\" src=\"https:\/\/shop.profertil.se\/wp-content\/uploads\/2025\/02\/se-profertil-map-1024x438-3.png\" alt=\"\" class=\"wp-image-7242\" srcset=\"https:\/\/shop.profertil.se\/wp-content\/uploads\/2025\/02\/se-profertil-map-1024x438-3.png 1024w, https:\/\/shop.profertil.se\/wp-content\/uploads\/2025\/02\/se-profertil-map-1024x438-3-600x257.png 600w, https:\/\/shop.profertil.se\/wp-content\/uploads\/2025\/02\/se-profertil-map-1024x438-3-768x329.png 768w, https:\/\/shop.profertil.se\/wp-content\/uploads\/2025\/02\/se-profertil-map-1024x438-3-250x107.png 250w, https:\/\/shop.profertil.se\/wp-content\/uploads\/2025\/02\/se-profertil-map-1024x438-3-350x150.png 350w\" sizes=\"auto, (max-width: 767px) 89vw, (max-width: 1000px) 54vw, (max-width: 1071px) 543px, 580px\" \/><\/a><\/figure>\n<\/div>\n\n\n<p class=\"has-text-align-center\">Kontakt hos Lisana Gemini f\u00f6r Skandinavien: Walter Kr\u00e4mbring Tel +46 70 329 69 63 (vardagar 9-17) e-post:\u00a0<a href=\"mailto:walter.krambring@lisana.ch\">walter.krambring@lisana.ch<\/a>, Lisana Gemini AG, Rhigass 1 , LI-9487 Gamprin-Bendern. Org.-nr Sverige 502065-7630<\/p>\n\n\n\n<p class=\"has-text-align-center\">\u00a9 2025 Lisana Gemini<\/p>\n\n\n\n<p><\/p>\n","protected":false},"excerpt":{"rendered":"<p>Det \u00e4r alltid fantastiskt gl\u00e4djande n\u00e4r patienter kontaktar oss och ber\u00e4ttar att en behandling varit lyckad vilket har h\u00e4nt vid flera tillf\u00e4llen! Ni \u00e4r alltid v\u00e4lkomna att ringa eller mejla oss om ni har fr\u00e5gor om preparatet och behandlingen Vi representerar PROFERTIL\u00ae i Skandinavien genom Lisana Gemini. PROFERTIL\u00ae \u00e4r en \u00d6sterrikisk produkt fr\u00e5n Lenus Pharma &hellip; <\/p>\n<p class=\"link-more\"><a href=\"https:\/\/shop.profertil.se\/no\/om-oss\/\" class=\"more-link\">Fortsett \u00e5 lese<span class=\"screen-reader-text\"> \u00abOm oss\u00bb<\/span><\/a><\/p>\n","protected":false},"author":1,"featured_media":0,"parent":0,"menu_order":0,"comment_status":"closed","ping_status":"closed","template":"","meta":{"_monsterinsights_skip_tracking":false,"_monsterinsights_sitenote_active":false,"_monsterinsights_sitenote_note":"","_monsterinsights_sitenote_category":0,"footnotes":""},"class_list":["post-7422","page","type-page","status-publish","hentry"],"yoast_head":"<!-- This site is optimized with the Yoast SEO plugin v27.4 - https:\/\/yoast.com\/product\/yoast-seo-wordpress\/ -->\n<title>Om oss<\/title>\n<meta name=\"robots\" content=\"index, follow, max-snippet:-1, max-image-preview:large, max-video-preview:-1\" \/>\n<link rel=\"canonical\" href=\"https:\/\/shop.profertil.se\/no\/om-oss\/\" \/>\n<meta property=\"og:locale\" content=\"nb_NO\" \/>\n<meta property=\"og:locale:alternate\" content=\"sv_SE\" \/>\n<meta property=\"og:type\" content=\"article\" \/>\n<meta property=\"og:title\" content=\"Om oss\" \/>\n<meta property=\"og:description\" content=\"Det \u00e4r alltid fantastiskt gl\u00e4djande n\u00e4r patienter kontaktar oss och ber\u00e4ttar att en behandling varit lyckad vilket har h\u00e4nt vid flera tillf\u00e4llen! Ni \u00e4r alltid v\u00e4lkomna att ringa eller mejla oss om ni har fr\u00e5gor om preparatet och behandlingen Vi representerar PROFERTIL\u00ae i Skandinavien genom Lisana Gemini. PROFERTIL\u00ae \u00e4r en \u00d6sterrikisk produkt fr\u00e5n Lenus Pharma &hellip; Fortsett \u00e5 lese \u00abOm oss\u00bb\" \/>\n<meta property=\"og:url\" content=\"https:\/\/shop.profertil.se\/no\/om-oss\/\" \/>\n<meta property=\"og:site_name\" content=\"PROfertil\u00ae\" \/>\n<meta property=\"article:publisher\" content=\"https:\/\/www.facebook.com\/PROfertil-1675701209309390\/\" \/>\n<meta property=\"article:modified_time\" content=\"2025-09-29T13:24:33+00:00\" \/>\n<meta property=\"og:image\" content=\"https:\/\/shop.profertil.se\/wp-content\/uploads\/2025\/09\/image.png\" \/>\n<meta name=\"twitter:card\" content=\"summary_large_image\" \/>\n<meta name=\"twitter:label1\" content=\"Ansl. lesetid\" \/>\n\t<meta name=\"twitter:data1\" content=\"2 minutter\" \/>\n<script type=\"application\/ld+json\" class=\"yoast-schema-graph\">{\"@context\":\"https:\\\/\\\/schema.org\",\"@graph\":[{\"@type\":\"WebPage\",\"@id\":\"https:\\\/\\\/shop.profertil.se\\\/no\\\/om-oss\\\/\",\"url\":\"https:\\\/\\\/shop.profertil.se\\\/no\\\/om-oss\\\/\",\"name\":\"Om oss\",\"isPartOf\":{\"@id\":\"https:\\\/\\\/shop.profertil.se\\\/#website\"},\"primaryImageOfPage\":{\"@id\":\"https:\\\/\\\/shop.profertil.se\\\/no\\\/om-oss\\\/#primaryimage\"},\"image\":{\"@id\":\"https:\\\/\\\/shop.profertil.se\\\/no\\\/om-oss\\\/#primaryimage\"},\"thumbnailUrl\":\"https:\\\/\\\/shop.profertil.se\\\/wp-content\\\/uploads\\\/2025\\\/09\\\/image.png\",\"datePublished\":\"2025-05-18T08:41:41+00:00\",\"dateModified\":\"2025-09-29T13:24:33+00:00\",\"breadcrumb\":{\"@id\":\"https:\\\/\\\/shop.profertil.se\\\/no\\\/om-oss\\\/#breadcrumb\"},\"inLanguage\":\"nb-NO\",\"potentialAction\":[{\"@type\":\"ReadAction\",\"target\":[\"https:\\\/\\\/shop.profertil.se\\\/no\\\/om-oss\\\/\"]}]},{\"@type\":\"ImageObject\",\"inLanguage\":\"nb-NO\",\"@id\":\"https:\\\/\\\/shop.profertil.se\\\/no\\\/om-oss\\\/#primaryimage\",\"url\":\"https:\\\/\\\/shop.profertil.se\\\/wp-content\\\/uploads\\\/2025\\\/09\\\/image.png\",\"contentUrl\":\"https:\\\/\\\/shop.profertil.se\\\/wp-content\\\/uploads\\\/2025\\\/09\\\/image.png\"},{\"@type\":\"BreadcrumbList\",\"@id\":\"https:\\\/\\\/shop.profertil.se\\\/no\\\/om-oss\\\/#breadcrumb\",\"itemListElement\":[{\"@type\":\"ListItem\",\"position\":1,\"name\":\"Hem\",\"item\":\"https:\\\/\\\/shop.profertil.se\\\/sv\\\/\"},{\"@type\":\"ListItem\",\"position\":2,\"name\":\"Om oss\"}]},{\"@type\":\"WebSite\",\"@id\":\"https:\\\/\\\/shop.profertil.se\\\/#website\",\"url\":\"https:\\\/\\\/shop.profertil.se\\\/\",\"name\":\"H\u00e4r hittar ni PROfertil\u00ae\",\"description\":\"V\u00e5r officiella svenska butik f\u00f6r PROfertil\u00ae\",\"publisher\":{\"@id\":\"https:\\\/\\\/shop.profertil.se\\\/#organization\"},\"potentialAction\":[{\"@type\":\"SearchAction\",\"target\":{\"@type\":\"EntryPoint\",\"urlTemplate\":\"https:\\\/\\\/shop.profertil.se\\\/?s={search_term_string}\"},\"query-input\":{\"@type\":\"PropertyValueSpecification\",\"valueRequired\":true,\"valueName\":\"search_term_string\"}}],\"inLanguage\":\"nb-NO\"},{\"@type\":\"Organization\",\"@id\":\"https:\\\/\\\/shop.profertil.se\\\/#organization\",\"name\":\"Lisana Sweden\",\"url\":\"https:\\\/\\\/shop.profertil.se\\\/\",\"logo\":{\"@type\":\"ImageObject\",\"inLanguage\":\"nb-NO\",\"@id\":\"https:\\\/\\\/shop.profertil.se\\\/#\\\/schema\\\/logo\\\/image\\\/\",\"url\":\"https:\\\/\\\/shop.profertil.se\\\/wp-content\\\/uploads\\\/2019\\\/01\\\/logo-e1547386534716.jpg\",\"contentUrl\":\"https:\\\/\\\/shop.profertil.se\\\/wp-content\\\/uploads\\\/2019\\\/01\\\/logo-e1547386534716.jpg\",\"width\":113,\"height\":46,\"caption\":\"Lisana Sweden\"},\"image\":{\"@id\":\"https:\\\/\\\/shop.profertil.se\\\/#\\\/schema\\\/logo\\\/image\\\/\"},\"sameAs\":[\"https:\\\/\\\/www.facebook.com\\\/PROfertil-1675701209309390\\\/\"]}]}<\/script>\n<!-- \/ Yoast SEO plugin. -->","yoast_head_json":{"title":"Om oss","robots":{"index":"index","follow":"follow","max-snippet":"max-snippet:-1","max-image-preview":"max-image-preview:large","max-video-preview":"max-video-preview:-1"},"canonical":"https:\/\/shop.profertil.se\/no\/om-oss\/","og_locale":"nb_NO","og_type":"article","og_title":"[:sv]Om oss[:] - PROfertil\u00ae","og_description":"Det \u00e4r alltid fantastiskt gl\u00e4djande n\u00e4r patienter kontaktar oss och ber\u00e4ttar att en behandling varit lyckad vilket har h\u00e4nt vid flera tillf\u00e4llen! Ni \u00e4r alltid v\u00e4lkomna att ringa eller mejla oss om ni har fr\u00e5gor om preparatet och behandlingen Vi representerar PROFERTIL\u00ae i Skandinavien genom Lisana Gemini. PROFERTIL\u00ae \u00e4r en \u00d6sterrikisk produkt fr\u00e5n Lenus Pharma &hellip; Fortsett \u00e5 lese \u00abOm oss\u00bb","og_url":"https:\/\/shop.profertil.se\/no\/om-oss\/","og_site_name":"PROfertil\u00ae","article_publisher":"https:\/\/www.facebook.com\/PROfertil-1675701209309390\/","article_modified_time":"2025-09-29T13:24:33+00:00","og_image":[{"url":"https:\/\/shop.profertil.se\/wp-content\/uploads\/2025\/09\/image.png","type":"","width":"","height":""}],"twitter_card":"summary_large_image","twitter_misc":{"Ansl. lesetid":"2 minutter"},"schema":{"@context":"https:\/\/schema.org","@graph":[{"@type":"WebPage","@id":"https:\/\/shop.profertil.se\/no\/om-oss\/","url":"https:\/\/shop.profertil.se\/no\/om-oss\/","name":"Om oss","isPartOf":{"@id":"https:\/\/shop.profertil.se\/#website"},"primaryImageOfPage":{"@id":"https:\/\/shop.profertil.se\/no\/om-oss\/#primaryimage"},"image":{"@id":"https:\/\/shop.profertil.se\/no\/om-oss\/#primaryimage"},"thumbnailUrl":"https:\/\/shop.profertil.se\/wp-content\/uploads\/2025\/09\/image.png","datePublished":"2025-05-18T08:41:41+00:00","dateModified":"2025-09-29T13:24:33+00:00","breadcrumb":{"@id":"https:\/\/shop.profertil.se\/no\/om-oss\/#breadcrumb"},"inLanguage":"nb-NO","potentialAction":[{"@type":"ReadAction","target":["https:\/\/shop.profertil.se\/no\/om-oss\/"]}]},{"@type":"ImageObject","inLanguage":"nb-NO","@id":"https:\/\/shop.profertil.se\/no\/om-oss\/#primaryimage","url":"https:\/\/shop.profertil.se\/wp-content\/uploads\/2025\/09\/image.png","contentUrl":"https:\/\/shop.profertil.se\/wp-content\/uploads\/2025\/09\/image.png"},{"@type":"BreadcrumbList","@id":"https:\/\/shop.profertil.se\/no\/om-oss\/#breadcrumb","itemListElement":[{"@type":"ListItem","position":1,"name":"Hem","item":"https:\/\/shop.profertil.se\/sv\/"},{"@type":"ListItem","position":2,"name":"Om oss"}]},{"@type":"WebSite","@id":"https:\/\/shop.profertil.se\/#website","url":"https:\/\/shop.profertil.se\/","name":"H\u00e4r hittar ni PROfertil\u00ae","description":"V\u00e5r officiella svenska butik f\u00f6r PROfertil\u00ae","publisher":{"@id":"https:\/\/shop.profertil.se\/#organization"},"potentialAction":[{"@type":"SearchAction","target":{"@type":"EntryPoint","urlTemplate":"https:\/\/shop.profertil.se\/?s={search_term_string}"},"query-input":{"@type":"PropertyValueSpecification","valueRequired":true,"valueName":"search_term_string"}}],"inLanguage":"nb-NO"},{"@type":"Organization","@id":"https:\/\/shop.profertil.se\/#organization","name":"Lisana Sweden","url":"https:\/\/shop.profertil.se\/","logo":{"@type":"ImageObject","inLanguage":"nb-NO","@id":"https:\/\/shop.profertil.se\/#\/schema\/logo\/image\/","url":"https:\/\/shop.profertil.se\/wp-content\/uploads\/2019\/01\/logo-e1547386534716.jpg","contentUrl":"https:\/\/shop.profertil.se\/wp-content\/uploads\/2019\/01\/logo-e1547386534716.jpg","width":113,"height":46,"caption":"Lisana Sweden"},"image":{"@id":"https:\/\/shop.profertil.se\/#\/schema\/logo\/image\/"},"sameAs":["https:\/\/www.facebook.com\/PROfertil-1675701209309390\/"]}]}},"_links":{"self":[{"href":"https:\/\/shop.profertil.se\/no\/wp-json\/wp\/v2\/pages\/7422","targetHints":{"allow":["GET"]}}],"collection":[{"href":"https:\/\/shop.profertil.se\/no\/wp-json\/wp\/v2\/pages"}],"about":[{"href":"https:\/\/shop.profertil.se\/no\/wp-json\/wp\/v2\/types\/page"}],"author":[{"embeddable":true,"href":"https:\/\/shop.profertil.se\/no\/wp-json\/wp\/v2\/users\/1"}],"replies":[{"embeddable":true,"href":"https:\/\/shop.profertil.se\/no\/wp-json\/wp\/v2\/comments?post=7422"}],"version-history":[{"count":26,"href":"https:\/\/shop.profertil.se\/no\/wp-json\/wp\/v2\/pages\/7422\/revisions"}],"predecessor-version":[{"id":7887,"href":"https:\/\/shop.profertil.se\/no\/wp-json\/wp\/v2\/pages\/7422\/revisions\/7887"}],"wp:attachment":[{"href":"https:\/\/shop.profertil.se\/no\/wp-json\/wp\/v2\/media?parent=7422"}],"curies":[{"name":"wp","href":"https:\/\/api.w.org\/{rel}","templated":true}]}}