{"id":64,"date":"2019-01-16T14:01:03","date_gmt":"2019-01-16T13:01:03","guid":{"rendered":"https:\/\/shop.profertil.se\/?page_id=64"},"modified":"2025-05-29T07:08:24","modified_gmt":"2025-05-29T05:08:24","slug":"fragor-svar","status":"publish","type":"page","link":"https:\/\/shop.profertil.se\/no\/shop\/fragor-svar\/","title":{"rendered":"Fr\u00e5gor &#038; Svar"},"content":{"rendered":"\n<p><strong>Fr\u00e5gor &#038; Svar om PROFERTIL<\/strong><em><strong>\u00ae<\/strong><\/em><\/p>\n\n\n\n<p>Q: \u00c4r PROFERTIL<sup><em>\u00ae<\/em><\/sup> ett l\u00e4kemedel?<\/p>\n\n\n\n<p>A: <em>Nej, PROFERTIL<\/em><sup><em>\u00ae\u00a0<\/em><\/sup><em>\u00e4r inget l\u00e4kemedel, det \u00e4r ett preparat <em>i form av kosttillskott <\/em>som kombinerar alla \u2013 idag k\u00e4nda \u2013 betydelsefulla fertilitetsh\u00f6jande substanser.<\/em><\/p>\n\n\n\n<p>A: <em>PROFERTIL<\/em><sup><em>\u00ae<\/em><\/sup><em> inneh\u00e5ller inte testosteron och det finns inga k\u00e4nda biverkningar med PROFERTIL<\/em><sup><em>\u00ae<\/em><\/sup><em>. Om man ordinerats fortsatt behandling med testosteron eller annat l\u00e4kemedel skall man alltid f\u00f6lja l\u00e4karens r\u00e5d och de anvisningar som anges f\u00f6r det aktuella l\u00e4kemedlet.&nbsp;<\/em><\/p>\n\n\n\n<p>Q: Jag har tidigare haft testikelcancer. Finns det n\u00e5gra biverkningar med en behandling med PROFERTIL<sup><em>\u00ae<\/em><\/sup>?<\/p>\n\n\n\n<p>A: <em>Nej, det finns inga k\u00e4nda biverkningar. PROFERTIL\u00ae inneh\u00e5ller selen och anti-oxidanter. Selen har visat sig vara tum\u00f6r h\u00e4mmande och anti-oxidanter f\u00f6rs\u00e4mrar inte en anti-tum\u00f6r terapi. F\u00f6r att en behandling med PROFERTIL\u00ae skall vara meningsfull kr\u00e4vs naturligtvis att testiklarna ej avl\u00e4gsnats genom kirurgiskt ingrepp.<\/em>&nbsp;<\/p>\n\n\n\n<p>Q: Min man tar PROFERTIL<sup><em>\u00ae<\/em><\/sup>och vi f\u00f6rs\u00f6ker bli med barn. Hur l\u00e4nge b\u00f6r han v\u00e4nta mellan utl\u00f6sningarna?&nbsp;<\/p>\n\n\n\n<p>A: <em>En tumregel \u00e4r 72 timmar, en del urologer rekommenderar 2-5 dagar f\u00f6r full \u00e5terh\u00e4mtning.<\/em><\/p>\n\n\n\n<p>Q: I min mans senaste spermiogram kunde man inte hitta n\u00e5gra spermier alls. Kan PROFERTIL<sup><em>\u00ae<\/em><\/sup> hj\u00e4lpa?<\/p>\n\n\n\n<p>A: <em>Samr\u00e5d med er l\u00e4kare. Om det \u00e4r tillf\u00e4lligt och man kan hitta spermier i fortsatta analyser och behandling d\u00e5 rekommenderas kan PROFERTIL\u00ae komma att hj\u00e4lpa.<\/em>&nbsp;<\/p>\n\n\n\n<p>Q: Vi skall \u00e5ka utomlands p\u00e5 semester. Kan man ta en paus i behandlingen?<\/p>\n\n\n\n<p>A: <em>Det \u00e4r inte rekommenderat att avbryta en p\u00e5g\u00e5ende behandling men om det \u00e4r absolut n\u00f6dv\u00e4ndigt s\u00e5 skall behandlingen forts\u00e4tta n\u00e4r man v\u00e4l \u00e4r hemkommen. Behandlingstiden skall f\u00f6rl\u00e4ngas med avbrottstiden.<\/em><\/p>\n\n\n\n<p>Q: Kan det bli problem med tullen och s\u00e4kerhetskontrollen om man tar med sig PROFERTIL<sup><em>\u00ae<\/em><\/sup> vid utlandsresor (flyg)?<\/p>\n\n\n\n<p>A: <em>Att ta med sig den m\u00e4ngd som kr\u00e4vs f\u00f6r att t\u00e4cka in den aktuella perioden \u00e4r inget problem, lika lite som det \u00e4r att ha med sig huvudv\u00e4rkstabletter etc. Ta dock bara med det antal kartor med kapslar som beh\u00f6vs (med&nbsp; n\u00e5gra kapslar i reserv), packa ner dessa tillsammans med bi-packsedeln i necess\u00e4ren i bagaget som checkas in.<\/em><\/p>\n\n\n\n<p>Q: Jag vill inte sv\u00e4lja hela kapseln, kan jag \u00f6ppna den ist\u00e4llet och blanda ut pulvret i lite vatten?<\/p>\n\n\n\n<p>A: <em>Vi rekommenderar att kapseln med inneh\u00e5ll sv\u00e4ljs i sin helhet. Man kan dock \u00f6ppna kapseln och blanda ut pulvret i vatten. Dock kanske smaken inte \u00e4r tilltalande eftersom pulvret inte inneh\u00e5ller n\u00e5gra smaktillsatser. Se i s\u00e5 fall ocks\u00e5 till att kapseln verkligen t\u00f6ms p\u00e5 allt pulver.<\/em><\/p>\n\n\n\n<p>Q: Finns det n\u00e5gra viktiga substanser i sj\u00e4lva kapselh\u00f6ljet?<\/p>\n\n\n\n<p>A: <em>Nej, kapselh\u00f6ljet \u00e4r tillverkat av cellulosa och inneh\u00e5ller inget av betydelse f\u00f6r preparatet. Det \u00e4r enbart avsett som beh\u00e5llare f\u00f6r preparatet som \u00e4r i pulverform. Kapseln l\u00f6ses upp av magsyran.<\/em><\/p>\n\n\n\n<p>Q: Kan man k\u00e4nna sig konstig i magen efter en stund n\u00e4r man tagit PROFERTIL<sup><em>\u00ae<\/em><\/sup>?<\/p>\n\n\n\n<p>A: <em>PROFERTIL\u00ae skall intagas i samband med m\u00e5ltid. Om man tar PROFERTIL\u00ae p\u00e5 tom mage kan detta ge en l\u00e4tt k\u00e4nsla av illam\u00e5ende och kan \u00e4ven ge upphov till l\u00f6s mage.&nbsp; Men det \u00e4r ofarligt.<\/em><\/p>\n\n\n\n<p><\/p>\n","protected":false},"excerpt":{"rendered":"<p>Fr\u00e5gor &#038; Svar om PROFERTIL\u00ae Q: \u00c4r PROFERTIL\u00ae ett l\u00e4kemedel? A: Nej, PROFERTIL\u00ae\u00a0\u00e4r inget l\u00e4kemedel, det \u00e4r ett preparat i form av kosttillskott som kombinerar alla \u2013 idag k\u00e4nda \u2013 betydelsefulla fertilitetsh\u00f6jande substanser. A: PROFERTIL\u00ae inneh\u00e5ller inte testosteron och det finns inga k\u00e4nda biverkningar med PROFERTIL\u00ae. Om man ordinerats fortsatt behandling med testosteron eller annat &hellip; <\/p>\n<p class=\"link-more\"><a href=\"https:\/\/shop.profertil.se\/no\/shop\/fragor-svar\/\" class=\"more-link\">Fortsett \u00e5 lese<span class=\"screen-reader-text\"> \u00abFr\u00e5gor &#038; Svar\u00bb<\/span><\/a><\/p>\n","protected":false},"author":1,"featured_media":0,"parent":5,"menu_order":0,"comment_status":"closed","ping_status":"closed","template":"","meta":{"_monsterinsights_skip_tracking":false,"_monsterinsights_sitenote_active":false,"_monsterinsights_sitenote_note":"","_monsterinsights_sitenote_category":0,"footnotes":""},"class_list":["post-64","page","type-page","status-publish","hentry"],"yoast_head":"<!-- This site is optimized with the Yoast SEO plugin v27.4 - https:\/\/yoast.com\/product\/yoast-seo-wordpress\/ -->\n<title>Fr\u00e5gor &amp; Svar<\/title>\n<meta name=\"robots\" content=\"index, follow, max-snippet:-1, max-image-preview:large, max-video-preview:-1\" \/>\n<link rel=\"canonical\" href=\"https:\/\/shop.profertil.se\/no\/shop\/fragor-svar\/\" \/>\n<meta property=\"og:locale\" content=\"nb_NO\" \/>\n<meta property=\"og:locale:alternate\" content=\"sv_SE\" \/>\n<meta property=\"og:type\" content=\"article\" \/>\n<meta property=\"og:title\" content=\"Fr\u00e5gor &amp; Svar\" \/>\n<meta property=\"og:description\" content=\"Fr\u00e5gor &amp; Svar om PROFERTIL\u00ae Q: \u00c4r PROFERTIL\u00ae ett l\u00e4kemedel? A: Nej, PROFERTIL\u00ae\u00a0\u00e4r inget l\u00e4kemedel, det \u00e4r ett preparat i form av kosttillskott som kombinerar alla \u2013 idag k\u00e4nda \u2013 betydelsefulla fertilitetsh\u00f6jande substanser. A: PROFERTIL\u00ae inneh\u00e5ller inte testosteron och det finns inga k\u00e4nda biverkningar med PROFERTIL\u00ae. Om man ordinerats fortsatt behandling med testosteron eller annat &hellip; Fortsett \u00e5 lese \u00abFr\u00e5gor &amp; Svar\u00bb\" \/>\n<meta property=\"og:url\" content=\"https:\/\/shop.profertil.se\/no\/shop\/fragor-svar\/\" \/>\n<meta property=\"og:site_name\" content=\"PROfertil\u00ae\" \/>\n<meta property=\"article:publisher\" content=\"https:\/\/www.facebook.com\/PROfertil-1675701209309390\/\" \/>\n<meta property=\"article:modified_time\" content=\"2025-05-29T05:08:24+00:00\" \/>\n<meta name=\"twitter:card\" content=\"summary_large_image\" \/>\n<meta name=\"twitter:label1\" content=\"Ansl. lesetid\" \/>\n\t<meta name=\"twitter:data1\" content=\"3 minutter\" \/>\n<script type=\"application\/ld+json\" class=\"yoast-schema-graph\">{\"@context\":\"https:\\\/\\\/schema.org\",\"@graph\":[{\"@type\":\"WebPage\",\"@id\":\"https:\\\/\\\/shop.profertil.se\\\/sv\\\/shop\\\/fragor-svar\\\/\",\"url\":\"https:\\\/\\\/shop.profertil.se\\\/sv\\\/shop\\\/fragor-svar\\\/\",\"name\":\"Fr\u00e5gor & Svar\",\"isPartOf\":{\"@id\":\"https:\\\/\\\/shop.profertil.se\\\/#website\"},\"datePublished\":\"2019-01-16T13:01:03+00:00\",\"dateModified\":\"2025-05-29T05:08:24+00:00\",\"breadcrumb\":{\"@id\":\"https:\\\/\\\/shop.profertil.se\\\/sv\\\/shop\\\/fragor-svar\\\/#breadcrumb\"},\"inLanguage\":\"nb-NO\",\"potentialAction\":[{\"@type\":\"ReadAction\",\"target\":[\"https:\\\/\\\/shop.profertil.se\\\/sv\\\/shop\\\/fragor-svar\\\/\"]}]},{\"@type\":\"BreadcrumbList\",\"@id\":\"https:\\\/\\\/shop.profertil.se\\\/sv\\\/shop\\\/fragor-svar\\\/#breadcrumb\",\"itemListElement\":[{\"@type\":\"ListItem\",\"position\":1,\"name\":\"Hem\",\"item\":\"https:\\\/\\\/shop.profertil.se\\\/sv\\\/\"},{\"@type\":\"ListItem\",\"position\":2,\"name\":\"V\u00e5ra produkter\",\"item\":\"https:\\\/\\\/shop.profertil.se\\\/sv\\\/\"},{\"@type\":\"ListItem\",\"position\":3,\"name\":\"Fr\u00e5gor &#038; Svar\"}]},{\"@type\":\"WebSite\",\"@id\":\"https:\\\/\\\/shop.profertil.se\\\/#website\",\"url\":\"https:\\\/\\\/shop.profertil.se\\\/\",\"name\":\"H\u00e4r hittar ni PROfertil\u00ae\",\"description\":\"V\u00e5r officiella svenska butik f\u00f6r PROfertil\u00ae\",\"publisher\":{\"@id\":\"https:\\\/\\\/shop.profertil.se\\\/#organization\"},\"potentialAction\":[{\"@type\":\"SearchAction\",\"target\":{\"@type\":\"EntryPoint\",\"urlTemplate\":\"https:\\\/\\\/shop.profertil.se\\\/?s={search_term_string}\"},\"query-input\":{\"@type\":\"PropertyValueSpecification\",\"valueRequired\":true,\"valueName\":\"search_term_string\"}}],\"inLanguage\":\"nb-NO\"},{\"@type\":\"Organization\",\"@id\":\"https:\\\/\\\/shop.profertil.se\\\/#organization\",\"name\":\"Lisana Sweden\",\"url\":\"https:\\\/\\\/shop.profertil.se\\\/\",\"logo\":{\"@type\":\"ImageObject\",\"inLanguage\":\"nb-NO\",\"@id\":\"https:\\\/\\\/shop.profertil.se\\\/#\\\/schema\\\/logo\\\/image\\\/\",\"url\":\"https:\\\/\\\/shop.profertil.se\\\/wp-content\\\/uploads\\\/2019\\\/01\\\/logo-e1547386534716.jpg\",\"contentUrl\":\"https:\\\/\\\/shop.profertil.se\\\/wp-content\\\/uploads\\\/2019\\\/01\\\/logo-e1547386534716.jpg\",\"width\":113,\"height\":46,\"caption\":\"Lisana Sweden\"},\"image\":{\"@id\":\"https:\\\/\\\/shop.profertil.se\\\/#\\\/schema\\\/logo\\\/image\\\/\"},\"sameAs\":[\"https:\\\/\\\/www.facebook.com\\\/PROfertil-1675701209309390\\\/\"]}]}<\/script>\n<!-- \/ Yoast SEO plugin. -->","yoast_head_json":{"title":"Fr\u00e5gor & Svar","robots":{"index":"index","follow":"follow","max-snippet":"max-snippet:-1","max-image-preview":"max-image-preview:large","max-video-preview":"max-video-preview:-1"},"canonical":"https:\/\/shop.profertil.se\/no\/shop\/fragor-svar\/","og_locale":"nb_NO","og_type":"article","og_title":"[:sv]Fr\u00e5gor & Svar[:no]Fr\u00e5gor & Svar[:] - PROfertil\u00ae","og_description":"Fr\u00e5gor &#038; Svar om PROFERTIL\u00ae Q: \u00c4r PROFERTIL\u00ae ett l\u00e4kemedel? A: Nej, PROFERTIL\u00ae\u00a0\u00e4r inget l\u00e4kemedel, det \u00e4r ett preparat i form av kosttillskott som kombinerar alla \u2013 idag k\u00e4nda \u2013 betydelsefulla fertilitetsh\u00f6jande substanser. A: PROFERTIL\u00ae inneh\u00e5ller inte testosteron och det finns inga k\u00e4nda biverkningar med PROFERTIL\u00ae. Om man ordinerats fortsatt behandling med testosteron eller annat &hellip; Fortsett \u00e5 lese \u00abFr\u00e5gor &#038; Svar\u00bb","og_url":"https:\/\/shop.profertil.se\/no\/shop\/fragor-svar\/","og_site_name":"PROfertil\u00ae","article_publisher":"https:\/\/www.facebook.com\/PROfertil-1675701209309390\/","article_modified_time":"2025-05-29T05:08:24+00:00","twitter_card":"summary_large_image","twitter_misc":{"Ansl. lesetid":"3 minutter"},"schema":{"@context":"https:\/\/schema.org","@graph":[{"@type":"WebPage","@id":"https:\/\/shop.profertil.se\/sv\/shop\/fragor-svar\/","url":"https:\/\/shop.profertil.se\/sv\/shop\/fragor-svar\/","name":"Fr\u00e5gor & Svar","isPartOf":{"@id":"https:\/\/shop.profertil.se\/#website"},"datePublished":"2019-01-16T13:01:03+00:00","dateModified":"2025-05-29T05:08:24+00:00","breadcrumb":{"@id":"https:\/\/shop.profertil.se\/sv\/shop\/fragor-svar\/#breadcrumb"},"inLanguage":"nb-NO","potentialAction":[{"@type":"ReadAction","target":["https:\/\/shop.profertil.se\/sv\/shop\/fragor-svar\/"]}]},{"@type":"BreadcrumbList","@id":"https:\/\/shop.profertil.se\/sv\/shop\/fragor-svar\/#breadcrumb","itemListElement":[{"@type":"ListItem","position":1,"name":"Hem","item":"https:\/\/shop.profertil.se\/sv\/"},{"@type":"ListItem","position":2,"name":"V\u00e5ra produkter","item":"https:\/\/shop.profertil.se\/sv\/"},{"@type":"ListItem","position":3,"name":"Fr\u00e5gor &#038; Svar"}]},{"@type":"WebSite","@id":"https:\/\/shop.profertil.se\/#website","url":"https:\/\/shop.profertil.se\/","name":"H\u00e4r hittar ni PROfertil\u00ae","description":"V\u00e5r officiella svenska butik f\u00f6r PROfertil\u00ae","publisher":{"@id":"https:\/\/shop.profertil.se\/#organization"},"potentialAction":[{"@type":"SearchAction","target":{"@type":"EntryPoint","urlTemplate":"https:\/\/shop.profertil.se\/?s={search_term_string}"},"query-input":{"@type":"PropertyValueSpecification","valueRequired":true,"valueName":"search_term_string"}}],"inLanguage":"nb-NO"},{"@type":"Organization","@id":"https:\/\/shop.profertil.se\/#organization","name":"Lisana Sweden","url":"https:\/\/shop.profertil.se\/","logo":{"@type":"ImageObject","inLanguage":"nb-NO","@id":"https:\/\/shop.profertil.se\/#\/schema\/logo\/image\/","url":"https:\/\/shop.profertil.se\/wp-content\/uploads\/2019\/01\/logo-e1547386534716.jpg","contentUrl":"https:\/\/shop.profertil.se\/wp-content\/uploads\/2019\/01\/logo-e1547386534716.jpg","width":113,"height":46,"caption":"Lisana Sweden"},"image":{"@id":"https:\/\/shop.profertil.se\/#\/schema\/logo\/image\/"},"sameAs":["https:\/\/www.facebook.com\/PROfertil-1675701209309390\/"]}]}},"_links":{"self":[{"href":"https:\/\/shop.profertil.se\/no\/wp-json\/wp\/v2\/pages\/64","targetHints":{"allow":["GET"]}}],"collection":[{"href":"https:\/\/shop.profertil.se\/no\/wp-json\/wp\/v2\/pages"}],"about":[{"href":"https:\/\/shop.profertil.se\/no\/wp-json\/wp\/v2\/types\/page"}],"author":[{"embeddable":true,"href":"https:\/\/shop.profertil.se\/no\/wp-json\/wp\/v2\/users\/1"}],"replies":[{"embeddable":true,"href":"https:\/\/shop.profertil.se\/no\/wp-json\/wp\/v2\/comments?post=64"}],"version-history":[{"count":10,"href":"https:\/\/shop.profertil.se\/no\/wp-json\/wp\/v2\/pages\/64\/revisions"}],"predecessor-version":[{"id":7505,"href":"https:\/\/shop.profertil.se\/no\/wp-json\/wp\/v2\/pages\/64\/revisions\/7505"}],"up":[{"embeddable":true,"href":"https:\/\/shop.profertil.se\/no\/wp-json\/wp\/v2\/pages\/5"}],"wp:attachment":[{"href":"https:\/\/shop.profertil.se\/no\/wp-json\/wp\/v2\/media?parent=64"}],"curies":[{"name":"wp","href":"https:\/\/api.w.org\/{rel}","templated":true}]}}